{"id":1196,"date":"2025-04-16T13:37:25","date_gmt":"2025-04-16T13:37:25","guid":{"rendered":"https:\/\/menaggio.visitlakecomo.info\/shops-services\/kleidung-und-accessoires"},"modified":"2025-06-17T07:56:23","modified_gmt":"2025-06-17T07:56:23","slug":"kleidung-und-accessoires","status":"publish","type":"page","link":"https:\/\/menaggio.visitlakecomo.info\/de\/shops-services\/kleidung-und-accessoires","title":{"rendered":"Kleidung und Accessoires"},"content":{"rendered":"<p>Lieben Sie Shopping? Entdecken Sie die besten <b>Gesch\u00e4fte f\u00fcr Kleidung und Accessoires in Menaggio.<\/b><\/p>","protected":false},"excerpt":{"rendered":"<p>Lieben Sie Shopping? Entdecken Sie die besten Gesch\u00e4fte f\u00fcr Kleidung und Accessoires in Menaggio.<\/p>\n","protected":false},"author":1,"featured_media":0,"parent":1184,"menu_order":0,"comment_status":"closed","ping_status":"closed","template":"page-templates\/categoria_imprese.php","meta":{"_acf_changed":false,"inline_featured_image":false,"footnotes":""},"class_list":["post-1196","page","type-page","status-publish","hentry"],"acf":[],"yoast_head":"<!-- This site is optimized with the Yoast SEO plugin v25.2 - https:\/\/yoast.com\/wordpress\/plugins\/seo\/ -->\n<title>Mode- &amp; Accessoires-Gesch\u00e4fte in Menaggio - Entdecke Menaggio<\/title>\n<meta name=\"description\" content=\"Entdecken Sie Menaggios Mode- &amp; Accessoires-Gesch\u00e4fte f\u00fcr Ihr Shopping am Comer See.\" \/>\n<meta name=\"robots\" content=\"index, follow, max-snippet:-1, max-image-preview:large, max-video-preview:-1\" \/>\n<link rel=\"canonical\" href=\"https:\/\/menaggio.visitlakecomo.info\/de\/shops-services\/kleidung-und-accessoires\" \/>\n<meta property=\"og:locale\" content=\"de_DE\" \/>\n<meta property=\"og:type\" content=\"article\" \/>\n<meta property=\"og:title\" content=\"Mode- &amp; Accessoires-Gesch\u00e4fte in Menaggio - Entdecke Menaggio\" \/>\n<meta property=\"og:description\" content=\"Entdecken Sie Menaggios Mode- &amp; Accessoires-Gesch\u00e4fte f\u00fcr Ihr Shopping am Comer See.\" \/>\n<meta property=\"og:url\" content=\"https:\/\/menaggio.visitlakecomo.info\/de\/shops-services\/kleidung-und-accessoires\" \/>\n<meta property=\"og:site_name\" content=\"Visit Menaggio\" \/>\n<meta property=\"article:modified_time\" content=\"2025-06-17T07:56:23+00:00\" \/>\n<meta name=\"twitter:card\" content=\"summary_large_image\" \/>\n<script type=\"application\/ld+json\" class=\"yoast-schema-graph\">{\"@context\":\"https:\/\/schema.org\",\"@graph\":[{\"@type\":\"WebPage\",\"@id\":\"https:\/\/menaggio.visitlakecomo.info\/de\/shops-services\/kleidung-und-accessoires\",\"url\":\"https:\/\/menaggio.visitlakecomo.info\/de\/shops-services\/kleidung-und-accessoires\",\"name\":\"Mode- & Accessoires-Gesch\u00e4fte in Menaggio - Entdecke Menaggio\",\"isPartOf\":{\"@id\":\"https:\/\/menaggio.visitlakecomo.info\/#website\"},\"datePublished\":\"2025-04-16T13:37:25+00:00\",\"dateModified\":\"2025-06-17T07:56:23+00:00\",\"description\":\"Entdecken Sie Menaggios Mode- & Accessoires-Gesch\u00e4fte f\u00fcr Ihr Shopping am Comer See.\",\"breadcrumb\":{\"@id\":\"https:\/\/menaggio.visitlakecomo.info\/de\/shops-services\/kleidung-und-accessoires#breadcrumb\"},\"inLanguage\":\"de\",\"potentialAction\":[{\"@type\":\"ReadAction\",\"target\":[\"https:\/\/menaggio.visitlakecomo.info\/de\/shops-services\/kleidung-und-accessoires\"]}]},{\"@type\":\"BreadcrumbList\",\"@id\":\"https:\/\/menaggio.visitlakecomo.info\/de\/shops-services\/kleidung-und-accessoires#breadcrumb\",\"itemListElement\":[{\"@type\":\"ListItem\",\"position\":1,\"name\":\"Home\",\"item\":\"https:\/\/menaggio.visitlakecomo.info\/de\"},{\"@type\":\"ListItem\",\"position\":2,\"name\":\"Shops &#038; Services\",\"item\":\"https:\/\/menaggio.visitlakecomo.info\/de\/shops-services\"},{\"@type\":\"ListItem\",\"position\":3,\"name\":\"Kleidung und Accessoires\"}]},{\"@type\":\"WebSite\",\"@id\":\"https:\/\/menaggio.visitlakecomo.info\/#website\",\"url\":\"https:\/\/menaggio.visitlakecomo.info\/\",\"name\":\"Visit Menaggio\",\"description\":\"\",\"potentialAction\":[{\"@type\":\"SearchAction\",\"target\":{\"@type\":\"EntryPoint\",\"urlTemplate\":\"https:\/\/menaggio.visitlakecomo.info\/?s={search_term_string}\"},\"query-input\":{\"@type\":\"PropertyValueSpecification\",\"valueRequired\":true,\"valueName\":\"search_term_string\"}}],\"inLanguage\":\"de\"}]}<\/script>\n<!-- \/ Yoast SEO plugin. -->","yoast_head_json":{"title":"Mode- & Accessoires-Gesch\u00e4fte in Menaggio - Entdecke Menaggio","description":"Entdecken Sie Menaggios Mode- & Accessoires-Gesch\u00e4fte f\u00fcr Ihr Shopping am Comer See.","robots":{"index":"index","follow":"follow","max-snippet":"max-snippet:-1","max-image-preview":"max-image-preview:large","max-video-preview":"max-video-preview:-1"},"canonical":"https:\/\/menaggio.visitlakecomo.info\/de\/shops-services\/kleidung-und-accessoires","og_locale":"de_DE","og_type":"article","og_title":"Mode- & Accessoires-Gesch\u00e4fte in Menaggio - Entdecke Menaggio","og_description":"Entdecken Sie Menaggios Mode- & Accessoires-Gesch\u00e4fte f\u00fcr Ihr Shopping am Comer See.","og_url":"https:\/\/menaggio.visitlakecomo.info\/de\/shops-services\/kleidung-und-accessoires","og_site_name":"Visit Menaggio","article_modified_time":"2025-06-17T07:56:23+00:00","twitter_card":"summary_large_image","schema":{"@context":"https:\/\/schema.org","@graph":[{"@type":"WebPage","@id":"https:\/\/menaggio.visitlakecomo.info\/de\/shops-services\/kleidung-und-accessoires","url":"https:\/\/menaggio.visitlakecomo.info\/de\/shops-services\/kleidung-und-accessoires","name":"Mode- & Accessoires-Gesch\u00e4fte in Menaggio - Entdecke Menaggio","isPartOf":{"@id":"https:\/\/menaggio.visitlakecomo.info\/#website"},"datePublished":"2025-04-16T13:37:25+00:00","dateModified":"2025-06-17T07:56:23+00:00","description":"Entdecken Sie Menaggios Mode- & Accessoires-Gesch\u00e4fte f\u00fcr Ihr Shopping am Comer See.","breadcrumb":{"@id":"https:\/\/menaggio.visitlakecomo.info\/de\/shops-services\/kleidung-und-accessoires#breadcrumb"},"inLanguage":"de","potentialAction":[{"@type":"ReadAction","target":["https:\/\/menaggio.visitlakecomo.info\/de\/shops-services\/kleidung-und-accessoires"]}]},{"@type":"BreadcrumbList","@id":"https:\/\/menaggio.visitlakecomo.info\/de\/shops-services\/kleidung-und-accessoires#breadcrumb","itemListElement":[{"@type":"ListItem","position":1,"name":"Home","item":"https:\/\/menaggio.visitlakecomo.info\/de"},{"@type":"ListItem","position":2,"name":"Shops &#038; Services","item":"https:\/\/menaggio.visitlakecomo.info\/de\/shops-services"},{"@type":"ListItem","position":3,"name":"Kleidung und Accessoires"}]},{"@type":"WebSite","@id":"https:\/\/menaggio.visitlakecomo.info\/#website","url":"https:\/\/menaggio.visitlakecomo.info\/","name":"Visit Menaggio","description":"","potentialAction":[{"@type":"SearchAction","target":{"@type":"EntryPoint","urlTemplate":"https:\/\/menaggio.visitlakecomo.info\/?s={search_term_string}"},"query-input":{"@type":"PropertyValueSpecification","valueRequired":true,"valueName":"search_term_string"}}],"inLanguage":"de"}]}},"_links":{"self":[{"href":"https:\/\/menaggio.visitlakecomo.info\/de\/wp-json\/wp\/v2\/pages\/1196","targetHints":{"allow":["GET"]}}],"collection":[{"href":"https:\/\/menaggio.visitlakecomo.info\/de\/wp-json\/wp\/v2\/pages"}],"about":[{"href":"https:\/\/menaggio.visitlakecomo.info\/de\/wp-json\/wp\/v2\/types\/page"}],"author":[{"embeddable":true,"href":"https:\/\/menaggio.visitlakecomo.info\/de\/wp-json\/wp\/v2\/users\/1"}],"replies":[{"embeddable":true,"href":"https:\/\/menaggio.visitlakecomo.info\/de\/wp-json\/wp\/v2\/comments?post=1196"}],"version-history":[{"count":1,"href":"https:\/\/menaggio.visitlakecomo.info\/de\/wp-json\/wp\/v2\/pages\/1196\/revisions"}],"predecessor-version":[{"id":1197,"href":"https:\/\/menaggio.visitlakecomo.info\/de\/wp-json\/wp\/v2\/pages\/1196\/revisions\/1197"}],"up":[{"embeddable":true,"href":"https:\/\/menaggio.visitlakecomo.info\/de\/wp-json\/wp\/v2\/pages\/1184"}],"wp:attachment":[{"href":"https:\/\/menaggio.visitlakecomo.info\/de\/wp-json\/wp\/v2\/media?parent=1196"}],"curies":[{"name":"wp","href":"https:\/\/api.w.org\/{rel}","templated":true}]}}