{"id":1204,"date":"2025-05-20T08:48:09","date_gmt":"2025-05-20T08:48:09","guid":{"rendered":"https:\/\/menaggio.visitlakecomo.info\/region\/kirche-santo-stefano"},"modified":"2025-06-17T07:56:24","modified_gmt":"2025-06-17T07:56:24","slug":"kirche-santo-stefano","status":"publish","type":"page","link":"https:\/\/menaggio.visitlakecomo.info\/de\/region\/kirche-santo-stefano","title":{"rendered":"Kirche Santo Stefano"},"content":{"rendered":"<p>Im Herzen des <b>Dorfes Menaggio<\/b> befindet sich die <b>Kirche San Stefano<\/b> \u2013 <b>t\u00e4glich ge\u00f6ffnet<\/b> \u2013 ein Sakralbau <b>uralten Ursprungs<\/b>. Sie wurde ab 1618 auf den \u00dcberresten einer fr\u00fcheren romanischen Kirche errichtet, wobei die Ausrichtung der urspr\u00fcnglichen Kirche entgegengesetzt war.<\/p>","protected":false},"excerpt":{"rendered":"<p>Im Herzen des Dorfes Menaggio befindet sich die Kirche San Stefano \u2013 t\u00e4glich ge\u00f6ffnet \u2013 ein Sakralbau uralten Ursprungs. Sie wurde ab 1618 auf den \u00dcberresten einer fr\u00fcheren romanischen Kirche errichtet, wobei die Ausrichtung der urspr\u00fcnglichen Kirche entgegengesetzt war.<\/p>\n","protected":false},"author":1,"featured_media":0,"parent":1176,"menu_order":0,"comment_status":"closed","ping_status":"closed","template":"page-templates\/pagina_box.php","meta":{"_acf_changed":false,"inline_featured_image":false,"footnotes":""},"class_list":["post-1204","page","type-page","status-publish","hentry"],"acf":[],"yoast_head":"<!-- This site is optimized with the Yoast SEO plugin v25.2 - https:\/\/yoast.com\/wordpress\/plugins\/seo\/ -->\n<title>Kirche Santo Stefano in Menaggio: Geschichte &amp; Fresken<\/title>\n<meta name=\"description\" content=\"Entdecken Sie die Kirche Santo Stefano in Menaggio: Sakralbau aus dem 17. Jh. mit Fresken &amp; Glockenturm.\" \/>\n<meta name=\"robots\" content=\"index, follow, max-snippet:-1, max-image-preview:large, max-video-preview:-1\" \/>\n<link rel=\"canonical\" href=\"https:\/\/menaggio.visitlakecomo.info\/de\/region\/kirche-santo-stefano\" \/>\n<meta property=\"og:locale\" content=\"de_DE\" \/>\n<meta property=\"og:type\" content=\"article\" \/>\n<meta property=\"og:title\" content=\"Kirche Santo Stefano in Menaggio: Geschichte &amp; Fresken\" \/>\n<meta property=\"og:description\" content=\"Entdecken Sie die Kirche Santo Stefano in Menaggio: Sakralbau aus dem 17. Jh. mit Fresken &amp; Glockenturm.\" \/>\n<meta property=\"og:url\" content=\"https:\/\/menaggio.visitlakecomo.info\/de\/region\/kirche-santo-stefano\" \/>\n<meta property=\"og:site_name\" content=\"Visit Menaggio\" \/>\n<meta property=\"article:modified_time\" content=\"2025-06-17T07:56:24+00:00\" \/>\n<meta name=\"twitter:card\" content=\"summary_large_image\" \/>\n<script type=\"application\/ld+json\" class=\"yoast-schema-graph\">{\"@context\":\"https:\/\/schema.org\",\"@graph\":[{\"@type\":\"WebPage\",\"@id\":\"https:\/\/menaggio.visitlakecomo.info\/de\/region\/kirche-santo-stefano\",\"url\":\"https:\/\/menaggio.visitlakecomo.info\/de\/region\/kirche-santo-stefano\",\"name\":\"Kirche Santo Stefano in Menaggio: Geschichte & Fresken\",\"isPartOf\":{\"@id\":\"https:\/\/menaggio.visitlakecomo.info\/#website\"},\"datePublished\":\"2025-05-20T08:48:09+00:00\",\"dateModified\":\"2025-06-17T07:56:24+00:00\",\"description\":\"Entdecken Sie die Kirche Santo Stefano in Menaggio: Sakralbau aus dem 17. Jh. mit Fresken & Glockenturm.\",\"breadcrumb\":{\"@id\":\"https:\/\/menaggio.visitlakecomo.info\/de\/region\/kirche-santo-stefano#breadcrumb\"},\"inLanguage\":\"de\",\"potentialAction\":[{\"@type\":\"ReadAction\",\"target\":[\"https:\/\/menaggio.visitlakecomo.info\/de\/region\/kirche-santo-stefano\"]}]},{\"@type\":\"BreadcrumbList\",\"@id\":\"https:\/\/menaggio.visitlakecomo.info\/de\/region\/kirche-santo-stefano#breadcrumb\",\"itemListElement\":[{\"@type\":\"ListItem\",\"position\":1,\"name\":\"Home\",\"item\":\"https:\/\/menaggio.visitlakecomo.info\/de\"},{\"@type\":\"ListItem\",\"position\":2,\"name\":\"Region\",\"item\":\"https:\/\/menaggio.visitlakecomo.info\/de\/region\"},{\"@type\":\"ListItem\",\"position\":3,\"name\":\"Kirche Santo Stefano\"}]},{\"@type\":\"WebSite\",\"@id\":\"https:\/\/menaggio.visitlakecomo.info\/#website\",\"url\":\"https:\/\/menaggio.visitlakecomo.info\/\",\"name\":\"Visit Menaggio\",\"description\":\"\",\"potentialAction\":[{\"@type\":\"SearchAction\",\"target\":{\"@type\":\"EntryPoint\",\"urlTemplate\":\"https:\/\/menaggio.visitlakecomo.info\/?s={search_term_string}\"},\"query-input\":{\"@type\":\"PropertyValueSpecification\",\"valueRequired\":true,\"valueName\":\"search_term_string\"}}],\"inLanguage\":\"de\"}]}<\/script>\n<!-- \/ Yoast SEO plugin. -->","yoast_head_json":{"title":"Kirche Santo Stefano in Menaggio: Geschichte & Fresken","description":"Entdecken Sie die Kirche Santo Stefano in Menaggio: Sakralbau aus dem 17. Jh. mit Fresken & Glockenturm.","robots":{"index":"index","follow":"follow","max-snippet":"max-snippet:-1","max-image-preview":"max-image-preview:large","max-video-preview":"max-video-preview:-1"},"canonical":"https:\/\/menaggio.visitlakecomo.info\/de\/region\/kirche-santo-stefano","og_locale":"de_DE","og_type":"article","og_title":"Kirche Santo Stefano in Menaggio: Geschichte & Fresken","og_description":"Entdecken Sie die Kirche Santo Stefano in Menaggio: Sakralbau aus dem 17. Jh. mit Fresken & Glockenturm.","og_url":"https:\/\/menaggio.visitlakecomo.info\/de\/region\/kirche-santo-stefano","og_site_name":"Visit Menaggio","article_modified_time":"2025-06-17T07:56:24+00:00","twitter_card":"summary_large_image","schema":{"@context":"https:\/\/schema.org","@graph":[{"@type":"WebPage","@id":"https:\/\/menaggio.visitlakecomo.info\/de\/region\/kirche-santo-stefano","url":"https:\/\/menaggio.visitlakecomo.info\/de\/region\/kirche-santo-stefano","name":"Kirche Santo Stefano in Menaggio: Geschichte & Fresken","isPartOf":{"@id":"https:\/\/menaggio.visitlakecomo.info\/#website"},"datePublished":"2025-05-20T08:48:09+00:00","dateModified":"2025-06-17T07:56:24+00:00","description":"Entdecken Sie die Kirche Santo Stefano in Menaggio: Sakralbau aus dem 17. Jh. mit Fresken & Glockenturm.","breadcrumb":{"@id":"https:\/\/menaggio.visitlakecomo.info\/de\/region\/kirche-santo-stefano#breadcrumb"},"inLanguage":"de","potentialAction":[{"@type":"ReadAction","target":["https:\/\/menaggio.visitlakecomo.info\/de\/region\/kirche-santo-stefano"]}]},{"@type":"BreadcrumbList","@id":"https:\/\/menaggio.visitlakecomo.info\/de\/region\/kirche-santo-stefano#breadcrumb","itemListElement":[{"@type":"ListItem","position":1,"name":"Home","item":"https:\/\/menaggio.visitlakecomo.info\/de"},{"@type":"ListItem","position":2,"name":"Region","item":"https:\/\/menaggio.visitlakecomo.info\/de\/region"},{"@type":"ListItem","position":3,"name":"Kirche Santo Stefano"}]},{"@type":"WebSite","@id":"https:\/\/menaggio.visitlakecomo.info\/#website","url":"https:\/\/menaggio.visitlakecomo.info\/","name":"Visit Menaggio","description":"","potentialAction":[{"@type":"SearchAction","target":{"@type":"EntryPoint","urlTemplate":"https:\/\/menaggio.visitlakecomo.info\/?s={search_term_string}"},"query-input":{"@type":"PropertyValueSpecification","valueRequired":true,"valueName":"search_term_string"}}],"inLanguage":"de"}]}},"_links":{"self":[{"href":"https:\/\/menaggio.visitlakecomo.info\/de\/wp-json\/wp\/v2\/pages\/1204","targetHints":{"allow":["GET"]}}],"collection":[{"href":"https:\/\/menaggio.visitlakecomo.info\/de\/wp-json\/wp\/v2\/pages"}],"about":[{"href":"https:\/\/menaggio.visitlakecomo.info\/de\/wp-json\/wp\/v2\/types\/page"}],"author":[{"embeddable":true,"href":"https:\/\/menaggio.visitlakecomo.info\/de\/wp-json\/wp\/v2\/users\/1"}],"replies":[{"embeddable":true,"href":"https:\/\/menaggio.visitlakecomo.info\/de\/wp-json\/wp\/v2\/comments?post=1204"}],"version-history":[{"count":1,"href":"https:\/\/menaggio.visitlakecomo.info\/de\/wp-json\/wp\/v2\/pages\/1204\/revisions"}],"predecessor-version":[{"id":1205,"href":"https:\/\/menaggio.visitlakecomo.info\/de\/wp-json\/wp\/v2\/pages\/1204\/revisions\/1205"}],"up":[{"embeddable":true,"href":"https:\/\/menaggio.visitlakecomo.info\/de\/wp-json\/wp\/v2\/pages\/1176"}],"wp:attachment":[{"href":"https:\/\/menaggio.visitlakecomo.info\/de\/wp-json\/wp\/v2\/media?parent=1204"}],"curies":[{"name":"wp","href":"https:\/\/api.w.org\/{rel}","templated":true}]}}