{"id":1206,"date":"2025-05-26T10:16:38","date_gmt":"2025-05-26T10:16:38","guid":{"rendered":"https:\/\/menaggio.visitlakecomo.info\/region\/rifugio-huette-menaggio"},"modified":"2025-06-17T07:56:24","modified_gmt":"2025-06-17T07:56:24","slug":"rifugio-huette-menaggio","status":"publish","type":"page","link":"https:\/\/menaggio.visitlakecomo.info\/de\/region\/rifugio-huette-menaggio","title":{"rendered":"Rifugio (H\u00fctte) Menaggio"},"content":{"rendered":"<p>Auf dem Monte Grona gelegen, ist das <b>Rifugio Menaggio<\/b> eines der beliebtesten Wanderziele der Gegend, <b>erreichbar in etwa einer Stunde<\/b> Gehzeit. Das Panorama, das sich 360 Grad \u00fcber den See und die Berge erstreckt, reicht an klaren Tagen bis in die Schweiz. Privat gef\u00fchrt und im Besitz des CAI, empf\u00e4ngt die H\u00fctte Wanderer mit guter K\u00fcche, Erfrischungen und n\u00fctzlichen Informationen zu den Wegen in der Umgebung. <b>Im Sommer t\u00e4glich und im Rest des Jahres an Wochenenden und Feiertagen ge\u00f6ffnet<\/b>, ist es der <b>ideale Ausgangspunkt f\u00fcr eine H\u00f6henwanderung.<\/b><\/p>","protected":false},"excerpt":{"rendered":"<p>Auf dem Monte Grona gelegen, ist das Rifugio Menaggio eines der beliebtesten Wanderziele der Gegend, erreichbar in etwa einer Stunde Gehzeit. Das Panorama, das sich 360 Grad \u00fcber den See und die Berge erstreckt, reicht an klaren Tagen bis in die Schweiz. Privat gef\u00fchrt und im Besitz des CAI, empf\u00e4ngt die H\u00fctte Wanderer mit guter &hellip;<\/p>\n","protected":false},"author":1,"featured_media":0,"parent":1176,"menu_order":0,"comment_status":"closed","ping_status":"closed","template":"page-templates\/pagina_box.php","meta":{"_acf_changed":false,"inline_featured_image":false,"footnotes":""},"class_list":["post-1206","page","type-page","status-publish","hentry"],"acf":[],"yoast_head":"<!-- This site is optimized with the Yoast SEO plugin v25.2 - https:\/\/yoast.com\/wordpress\/plugins\/seo\/ -->\n<title>Rifugio Menaggio: Wanderungen &amp; Panoramen am Comer See<\/title>\n<meta name=\"description\" content=\"Entdecken Sie das Rifugio Menaggio am Monte Grona: Wanderziel mit spektakul\u00e4rer Aussicht auf Como, Piano &amp; Lugano.\" \/>\n<meta name=\"robots\" content=\"index, follow, max-snippet:-1, max-image-preview:large, max-video-preview:-1\" \/>\n<link rel=\"canonical\" href=\"https:\/\/menaggio.visitlakecomo.info\/de\/region\/rifugio-huette-menaggio\" \/>\n<meta property=\"og:locale\" content=\"de_DE\" \/>\n<meta property=\"og:type\" content=\"article\" \/>\n<meta property=\"og:title\" content=\"Rifugio Menaggio: Wanderungen &amp; Panoramen am Comer See\" \/>\n<meta property=\"og:description\" content=\"Entdecken Sie das Rifugio Menaggio am Monte Grona: Wanderziel mit spektakul\u00e4rer Aussicht auf Como, Piano &amp; Lugano.\" \/>\n<meta property=\"og:url\" content=\"https:\/\/menaggio.visitlakecomo.info\/de\/region\/rifugio-huette-menaggio\" \/>\n<meta property=\"og:site_name\" content=\"Visit Menaggio\" \/>\n<meta property=\"article:modified_time\" content=\"2025-06-17T07:56:24+00:00\" \/>\n<meta name=\"twitter:card\" content=\"summary_large_image\" \/>\n<script type=\"application\/ld+json\" class=\"yoast-schema-graph\">{\"@context\":\"https:\/\/schema.org\",\"@graph\":[{\"@type\":\"WebPage\",\"@id\":\"https:\/\/menaggio.visitlakecomo.info\/de\/region\/rifugio-huette-menaggio\",\"url\":\"https:\/\/menaggio.visitlakecomo.info\/de\/region\/rifugio-huette-menaggio\",\"name\":\"Rifugio Menaggio: Wanderungen & Panoramen am Comer See\",\"isPartOf\":{\"@id\":\"https:\/\/menaggio.visitlakecomo.info\/#website\"},\"datePublished\":\"2025-05-26T10:16:38+00:00\",\"dateModified\":\"2025-06-17T07:56:24+00:00\",\"description\":\"Entdecken Sie das Rifugio Menaggio am Monte Grona: Wanderziel mit spektakul\u00e4rer Aussicht auf Como, Piano & Lugano.\",\"breadcrumb\":{\"@id\":\"https:\/\/menaggio.visitlakecomo.info\/de\/region\/rifugio-huette-menaggio#breadcrumb\"},\"inLanguage\":\"de\",\"potentialAction\":[{\"@type\":\"ReadAction\",\"target\":[\"https:\/\/menaggio.visitlakecomo.info\/de\/region\/rifugio-huette-menaggio\"]}]},{\"@type\":\"BreadcrumbList\",\"@id\":\"https:\/\/menaggio.visitlakecomo.info\/de\/region\/rifugio-huette-menaggio#breadcrumb\",\"itemListElement\":[{\"@type\":\"ListItem\",\"position\":1,\"name\":\"Home\",\"item\":\"https:\/\/menaggio.visitlakecomo.info\/de\"},{\"@type\":\"ListItem\",\"position\":2,\"name\":\"Region\",\"item\":\"https:\/\/menaggio.visitlakecomo.info\/de\/region\"},{\"@type\":\"ListItem\",\"position\":3,\"name\":\"Rifugio (H\u00fctte) Menaggio\"}]},{\"@type\":\"WebSite\",\"@id\":\"https:\/\/menaggio.visitlakecomo.info\/#website\",\"url\":\"https:\/\/menaggio.visitlakecomo.info\/\",\"name\":\"Visit Menaggio\",\"description\":\"\",\"potentialAction\":[{\"@type\":\"SearchAction\",\"target\":{\"@type\":\"EntryPoint\",\"urlTemplate\":\"https:\/\/menaggio.visitlakecomo.info\/?s={search_term_string}\"},\"query-input\":{\"@type\":\"PropertyValueSpecification\",\"valueRequired\":true,\"valueName\":\"search_term_string\"}}],\"inLanguage\":\"de\"}]}<\/script>\n<!-- \/ Yoast SEO plugin. -->","yoast_head_json":{"title":"Rifugio Menaggio: Wanderungen & Panoramen am Comer See","description":"Entdecken Sie das Rifugio Menaggio am Monte Grona: Wanderziel mit spektakul\u00e4rer Aussicht auf Como, Piano & Lugano.","robots":{"index":"index","follow":"follow","max-snippet":"max-snippet:-1","max-image-preview":"max-image-preview:large","max-video-preview":"max-video-preview:-1"},"canonical":"https:\/\/menaggio.visitlakecomo.info\/de\/region\/rifugio-huette-menaggio","og_locale":"de_DE","og_type":"article","og_title":"Rifugio Menaggio: Wanderungen & Panoramen am Comer See","og_description":"Entdecken Sie das Rifugio Menaggio am Monte Grona: Wanderziel mit spektakul\u00e4rer Aussicht auf Como, Piano & Lugano.","og_url":"https:\/\/menaggio.visitlakecomo.info\/de\/region\/rifugio-huette-menaggio","og_site_name":"Visit Menaggio","article_modified_time":"2025-06-17T07:56:24+00:00","twitter_card":"summary_large_image","schema":{"@context":"https:\/\/schema.org","@graph":[{"@type":"WebPage","@id":"https:\/\/menaggio.visitlakecomo.info\/de\/region\/rifugio-huette-menaggio","url":"https:\/\/menaggio.visitlakecomo.info\/de\/region\/rifugio-huette-menaggio","name":"Rifugio Menaggio: Wanderungen & Panoramen am Comer See","isPartOf":{"@id":"https:\/\/menaggio.visitlakecomo.info\/#website"},"datePublished":"2025-05-26T10:16:38+00:00","dateModified":"2025-06-17T07:56:24+00:00","description":"Entdecken Sie das Rifugio Menaggio am Monte Grona: Wanderziel mit spektakul\u00e4rer Aussicht auf Como, Piano & Lugano.","breadcrumb":{"@id":"https:\/\/menaggio.visitlakecomo.info\/de\/region\/rifugio-huette-menaggio#breadcrumb"},"inLanguage":"de","potentialAction":[{"@type":"ReadAction","target":["https:\/\/menaggio.visitlakecomo.info\/de\/region\/rifugio-huette-menaggio"]}]},{"@type":"BreadcrumbList","@id":"https:\/\/menaggio.visitlakecomo.info\/de\/region\/rifugio-huette-menaggio#breadcrumb","itemListElement":[{"@type":"ListItem","position":1,"name":"Home","item":"https:\/\/menaggio.visitlakecomo.info\/de"},{"@type":"ListItem","position":2,"name":"Region","item":"https:\/\/menaggio.visitlakecomo.info\/de\/region"},{"@type":"ListItem","position":3,"name":"Rifugio (H\u00fctte) Menaggio"}]},{"@type":"WebSite","@id":"https:\/\/menaggio.visitlakecomo.info\/#website","url":"https:\/\/menaggio.visitlakecomo.info\/","name":"Visit Menaggio","description":"","potentialAction":[{"@type":"SearchAction","target":{"@type":"EntryPoint","urlTemplate":"https:\/\/menaggio.visitlakecomo.info\/?s={search_term_string}"},"query-input":{"@type":"PropertyValueSpecification","valueRequired":true,"valueName":"search_term_string"}}],"inLanguage":"de"}]}},"_links":{"self":[{"href":"https:\/\/menaggio.visitlakecomo.info\/de\/wp-json\/wp\/v2\/pages\/1206","targetHints":{"allow":["GET"]}}],"collection":[{"href":"https:\/\/menaggio.visitlakecomo.info\/de\/wp-json\/wp\/v2\/pages"}],"about":[{"href":"https:\/\/menaggio.visitlakecomo.info\/de\/wp-json\/wp\/v2\/types\/page"}],"author":[{"embeddable":true,"href":"https:\/\/menaggio.visitlakecomo.info\/de\/wp-json\/wp\/v2\/users\/1"}],"replies":[{"embeddable":true,"href":"https:\/\/menaggio.visitlakecomo.info\/de\/wp-json\/wp\/v2\/comments?post=1206"}],"version-history":[{"count":1,"href":"https:\/\/menaggio.visitlakecomo.info\/de\/wp-json\/wp\/v2\/pages\/1206\/revisions"}],"predecessor-version":[{"id":1207,"href":"https:\/\/menaggio.visitlakecomo.info\/de\/wp-json\/wp\/v2\/pages\/1206\/revisions\/1207"}],"up":[{"embeddable":true,"href":"https:\/\/menaggio.visitlakecomo.info\/de\/wp-json\/wp\/v2\/pages\/1176"}],"wp:attachment":[{"href":"https:\/\/menaggio.visitlakecomo.info\/de\/wp-json\/wp\/v2\/media?parent=1206"}],"curies":[{"name":"wp","href":"https:\/\/api.w.org\/{rel}","templated":true}]}}