{"id":1234,"date":"2025-04-16T13:35:15","date_gmt":"2025-04-16T13:35:15","guid":{"rendered":"https:\/\/menaggio.visitlakecomo.info\/empresas-y-comercios\/heladerias-artesanales"},"modified":"2025-06-17T07:56:41","modified_gmt":"2025-06-17T07:56:41","slug":"heladerias-artesanales","status":"publish","type":"page","link":"https:\/\/menaggio.visitlakecomo.info\/es\/empresas-y-comercios\/heladerias-artesanales","title":{"rendered":"Helader\u00edas artesanales"},"content":{"rendered":"<p>\u00bfQu\u00e9 mejor que un buen helado artesanal durante un paseo junto al lago? Aqu\u00ed tienes las <b>helader\u00edas artesanales de Menaggio<\/b>.<\/p>","protected":false},"excerpt":{"rendered":"<p>\u00bfQu\u00e9 mejor que un buen helado artesanal durante un paseo junto al lago? Aqu\u00ed tienes las helader\u00edas artesanales de Menaggio.<\/p>\n","protected":false},"author":1,"featured_media":0,"parent":1230,"menu_order":0,"comment_status":"closed","ping_status":"closed","template":"page-templates\/categoria_imprese.php","meta":{"_acf_changed":false,"inline_featured_image":false,"footnotes":""},"class_list":["post-1234","page","type-page","status-publish","hentry"],"acf":[],"yoast_head":"<!-- This site is optimized with the Yoast SEO plugin v25.2 - https:\/\/yoast.com\/wordpress\/plugins\/seo\/ -->\n<title>Helader\u00edas en Menaggio - Visit Menaggio<\/title>\n<meta name=\"description\" content=\"Descubre las helader\u00edas de Menaggio: helado artesanal fresco todos los d\u00edas.\" \/>\n<meta name=\"robots\" content=\"index, follow, max-snippet:-1, max-image-preview:large, max-video-preview:-1\" \/>\n<link rel=\"canonical\" href=\"https:\/\/menaggio.visitlakecomo.info\/es\/empresas-y-comercios\/heladerias-artesanales\" \/>\n<meta property=\"og:locale\" content=\"es_ES\" \/>\n<meta property=\"og:type\" content=\"article\" \/>\n<meta property=\"og:title\" content=\"Helader\u00edas en Menaggio - Visit Menaggio\" \/>\n<meta property=\"og:description\" content=\"Descubre las helader\u00edas de Menaggio: helado artesanal fresco todos los d\u00edas.\" \/>\n<meta property=\"og:url\" content=\"https:\/\/menaggio.visitlakecomo.info\/es\/empresas-y-comercios\/heladerias-artesanales\" \/>\n<meta property=\"og:site_name\" content=\"Visit Menaggio\" \/>\n<meta property=\"article:modified_time\" content=\"2025-06-17T07:56:41+00:00\" \/>\n<meta name=\"twitter:card\" content=\"summary_large_image\" \/>\n<script type=\"application\/ld+json\" class=\"yoast-schema-graph\">{\"@context\":\"https:\/\/schema.org\",\"@graph\":[{\"@type\":\"WebPage\",\"@id\":\"https:\/\/menaggio.visitlakecomo.info\/es\/empresas-y-comercios\/heladerias-artesanales\",\"url\":\"https:\/\/menaggio.visitlakecomo.info\/es\/empresas-y-comercios\/heladerias-artesanales\",\"name\":\"Helader\u00edas en Menaggio - Visit Menaggio\",\"isPartOf\":{\"@id\":\"https:\/\/menaggio.visitlakecomo.info\/#website\"},\"datePublished\":\"2025-04-16T13:35:15+00:00\",\"dateModified\":\"2025-06-17T07:56:41+00:00\",\"description\":\"Descubre las helader\u00edas de Menaggio: helado artesanal fresco todos los d\u00edas.\",\"breadcrumb\":{\"@id\":\"https:\/\/menaggio.visitlakecomo.info\/es\/empresas-y-comercios\/heladerias-artesanales#breadcrumb\"},\"inLanguage\":\"es\",\"potentialAction\":[{\"@type\":\"ReadAction\",\"target\":[\"https:\/\/menaggio.visitlakecomo.info\/es\/empresas-y-comercios\/heladerias-artesanales\"]}]},{\"@type\":\"BreadcrumbList\",\"@id\":\"https:\/\/menaggio.visitlakecomo.info\/es\/empresas-y-comercios\/heladerias-artesanales#breadcrumb\",\"itemListElement\":[{\"@type\":\"ListItem\",\"position\":1,\"name\":\"Home\",\"item\":\"https:\/\/menaggio.visitlakecomo.info\/es\"},{\"@type\":\"ListItem\",\"position\":2,\"name\":\"Empresas y comercios\",\"item\":\"https:\/\/menaggio.visitlakecomo.info\/es\/empresas-y-comercios\"},{\"@type\":\"ListItem\",\"position\":3,\"name\":\"Helader\u00edas artesanales\"}]},{\"@type\":\"WebSite\",\"@id\":\"https:\/\/menaggio.visitlakecomo.info\/#website\",\"url\":\"https:\/\/menaggio.visitlakecomo.info\/\",\"name\":\"Visit Menaggio\",\"description\":\"\",\"potentialAction\":[{\"@type\":\"SearchAction\",\"target\":{\"@type\":\"EntryPoint\",\"urlTemplate\":\"https:\/\/menaggio.visitlakecomo.info\/?s={search_term_string}\"},\"query-input\":{\"@type\":\"PropertyValueSpecification\",\"valueRequired\":true,\"valueName\":\"search_term_string\"}}],\"inLanguage\":\"es\"}]}<\/script>\n<!-- \/ Yoast SEO plugin. -->","yoast_head_json":{"title":"Helader\u00edas en Menaggio - Visit Menaggio","description":"Descubre las helader\u00edas de Menaggio: helado artesanal fresco todos los d\u00edas.","robots":{"index":"index","follow":"follow","max-snippet":"max-snippet:-1","max-image-preview":"max-image-preview:large","max-video-preview":"max-video-preview:-1"},"canonical":"https:\/\/menaggio.visitlakecomo.info\/es\/empresas-y-comercios\/heladerias-artesanales","og_locale":"es_ES","og_type":"article","og_title":"Helader\u00edas en Menaggio - Visit Menaggio","og_description":"Descubre las helader\u00edas de Menaggio: helado artesanal fresco todos los d\u00edas.","og_url":"https:\/\/menaggio.visitlakecomo.info\/es\/empresas-y-comercios\/heladerias-artesanales","og_site_name":"Visit Menaggio","article_modified_time":"2025-06-17T07:56:41+00:00","twitter_card":"summary_large_image","schema":{"@context":"https:\/\/schema.org","@graph":[{"@type":"WebPage","@id":"https:\/\/menaggio.visitlakecomo.info\/es\/empresas-y-comercios\/heladerias-artesanales","url":"https:\/\/menaggio.visitlakecomo.info\/es\/empresas-y-comercios\/heladerias-artesanales","name":"Helader\u00edas en Menaggio - Visit Menaggio","isPartOf":{"@id":"https:\/\/menaggio.visitlakecomo.info\/#website"},"datePublished":"2025-04-16T13:35:15+00:00","dateModified":"2025-06-17T07:56:41+00:00","description":"Descubre las helader\u00edas de Menaggio: helado artesanal fresco todos los d\u00edas.","breadcrumb":{"@id":"https:\/\/menaggio.visitlakecomo.info\/es\/empresas-y-comercios\/heladerias-artesanales#breadcrumb"},"inLanguage":"es","potentialAction":[{"@type":"ReadAction","target":["https:\/\/menaggio.visitlakecomo.info\/es\/empresas-y-comercios\/heladerias-artesanales"]}]},{"@type":"BreadcrumbList","@id":"https:\/\/menaggio.visitlakecomo.info\/es\/empresas-y-comercios\/heladerias-artesanales#breadcrumb","itemListElement":[{"@type":"ListItem","position":1,"name":"Home","item":"https:\/\/menaggio.visitlakecomo.info\/es"},{"@type":"ListItem","position":2,"name":"Empresas y comercios","item":"https:\/\/menaggio.visitlakecomo.info\/es\/empresas-y-comercios"},{"@type":"ListItem","position":3,"name":"Helader\u00edas artesanales"}]},{"@type":"WebSite","@id":"https:\/\/menaggio.visitlakecomo.info\/#website","url":"https:\/\/menaggio.visitlakecomo.info\/","name":"Visit Menaggio","description":"","potentialAction":[{"@type":"SearchAction","target":{"@type":"EntryPoint","urlTemplate":"https:\/\/menaggio.visitlakecomo.info\/?s={search_term_string}"},"query-input":{"@type":"PropertyValueSpecification","valueRequired":true,"valueName":"search_term_string"}}],"inLanguage":"es"}]}},"_links":{"self":[{"href":"https:\/\/menaggio.visitlakecomo.info\/es\/wp-json\/wp\/v2\/pages\/1234","targetHints":{"allow":["GET"]}}],"collection":[{"href":"https:\/\/menaggio.visitlakecomo.info\/es\/wp-json\/wp\/v2\/pages"}],"about":[{"href":"https:\/\/menaggio.visitlakecomo.info\/es\/wp-json\/wp\/v2\/types\/page"}],"author":[{"embeddable":true,"href":"https:\/\/menaggio.visitlakecomo.info\/es\/wp-json\/wp\/v2\/users\/1"}],"replies":[{"embeddable":true,"href":"https:\/\/menaggio.visitlakecomo.info\/es\/wp-json\/wp\/v2\/comments?post=1234"}],"version-history":[{"count":1,"href":"https:\/\/menaggio.visitlakecomo.info\/es\/wp-json\/wp\/v2\/pages\/1234\/revisions"}],"predecessor-version":[{"id":1235,"href":"https:\/\/menaggio.visitlakecomo.info\/es\/wp-json\/wp\/v2\/pages\/1234\/revisions\/1235"}],"up":[{"embeddable":true,"href":"https:\/\/menaggio.visitlakecomo.info\/es\/wp-json\/wp\/v2\/pages\/1230"}],"wp:attachment":[{"href":"https:\/\/menaggio.visitlakecomo.info\/es\/wp-json\/wp\/v2\/media?parent=1234"}],"curies":[{"name":"wp","href":"https:\/\/api.w.org\/{rel}","templated":true}]}}