{"id":1240,"date":"2025-04-16T13:37:22","date_gmt":"2025-04-16T13:37:22","guid":{"rendered":"https:\/\/menaggio.visitlakecomo.info\/empresas-y-comercios\/arte-y-artesania"},"modified":"2025-06-17T07:56:41","modified_gmt":"2025-06-17T07:56:41","slug":"arte-y-artesania","status":"publish","type":"page","link":"https:\/\/menaggio.visitlakecomo.info\/es\/empresas-y-comercios\/arte-y-artesania","title":{"rendered":"Arte y artesan\u00eda"},"content":{"rendered":"<p>\u00bfBuscas piezas \u00fanicas y objetos <b>artesanales en Menaggio<\/b>? Descubre <b>galer\u00edas de arte<\/b> y tiendas especializadas a orillas del <b>Lago de Como.<\/b><\/p>","protected":false},"excerpt":{"rendered":"<p>\u00bfBuscas piezas \u00fanicas y objetos artesanales en Menaggio? Descubre galer\u00edas de arte y tiendas especializadas a orillas del Lago de Como.<\/p>\n","protected":false},"author":1,"featured_media":0,"parent":1230,"menu_order":0,"comment_status":"closed","ping_status":"closed","template":"page-templates\/categoria_imprese.php","meta":{"_acf_changed":false,"inline_featured_image":false,"footnotes":""},"class_list":["post-1240","page","type-page","status-publish","hentry"],"acf":[],"yoast_head":"<!-- This site is optimized with the Yoast SEO plugin v25.2 - https:\/\/yoast.com\/wordpress\/plugins\/seo\/ -->\n<title>Galer\u00edas de arte y artesan\u00eda en Menaggio - Visit Menaggio<\/title>\n<meta name=\"description\" content=\"Descubre galer\u00edas de arte y tiendas de artesan\u00eda y restauraci\u00f3n en Menaggio\" \/>\n<meta name=\"robots\" content=\"index, follow, max-snippet:-1, max-image-preview:large, max-video-preview:-1\" \/>\n<link rel=\"canonical\" href=\"https:\/\/menaggio.visitlakecomo.info\/es\/empresas-y-comercios\/arte-y-artesania\" \/>\n<meta property=\"og:locale\" content=\"es_ES\" \/>\n<meta property=\"og:type\" content=\"article\" \/>\n<meta property=\"og:title\" content=\"Galer\u00edas de arte y artesan\u00eda en Menaggio - Visit Menaggio\" \/>\n<meta property=\"og:description\" content=\"Descubre galer\u00edas de arte y tiendas de artesan\u00eda y restauraci\u00f3n en Menaggio\" \/>\n<meta property=\"og:url\" content=\"https:\/\/menaggio.visitlakecomo.info\/es\/empresas-y-comercios\/arte-y-artesania\" \/>\n<meta property=\"og:site_name\" content=\"Visit Menaggio\" \/>\n<meta property=\"article:modified_time\" content=\"2025-06-17T07:56:41+00:00\" \/>\n<meta name=\"twitter:card\" content=\"summary_large_image\" \/>\n<script type=\"application\/ld+json\" class=\"yoast-schema-graph\">{\"@context\":\"https:\/\/schema.org\",\"@graph\":[{\"@type\":\"WebPage\",\"@id\":\"https:\/\/menaggio.visitlakecomo.info\/es\/empresas-y-comercios\/arte-y-artesania\",\"url\":\"https:\/\/menaggio.visitlakecomo.info\/es\/empresas-y-comercios\/arte-y-artesania\",\"name\":\"Galer\u00edas de arte y artesan\u00eda en Menaggio - Visit Menaggio\",\"isPartOf\":{\"@id\":\"https:\/\/menaggio.visitlakecomo.info\/#website\"},\"datePublished\":\"2025-04-16T13:37:22+00:00\",\"dateModified\":\"2025-06-17T07:56:41+00:00\",\"description\":\"Descubre galer\u00edas de arte y tiendas de artesan\u00eda y restauraci\u00f3n en Menaggio\",\"breadcrumb\":{\"@id\":\"https:\/\/menaggio.visitlakecomo.info\/es\/empresas-y-comercios\/arte-y-artesania#breadcrumb\"},\"inLanguage\":\"es\",\"potentialAction\":[{\"@type\":\"ReadAction\",\"target\":[\"https:\/\/menaggio.visitlakecomo.info\/es\/empresas-y-comercios\/arte-y-artesania\"]}]},{\"@type\":\"BreadcrumbList\",\"@id\":\"https:\/\/menaggio.visitlakecomo.info\/es\/empresas-y-comercios\/arte-y-artesania#breadcrumb\",\"itemListElement\":[{\"@type\":\"ListItem\",\"position\":1,\"name\":\"Home\",\"item\":\"https:\/\/menaggio.visitlakecomo.info\/es\"},{\"@type\":\"ListItem\",\"position\":2,\"name\":\"Empresas y comercios\",\"item\":\"https:\/\/menaggio.visitlakecomo.info\/es\/empresas-y-comercios\"},{\"@type\":\"ListItem\",\"position\":3,\"name\":\"Arte y artesan\u00eda\"}]},{\"@type\":\"WebSite\",\"@id\":\"https:\/\/menaggio.visitlakecomo.info\/#website\",\"url\":\"https:\/\/menaggio.visitlakecomo.info\/\",\"name\":\"Visit Menaggio\",\"description\":\"\",\"potentialAction\":[{\"@type\":\"SearchAction\",\"target\":{\"@type\":\"EntryPoint\",\"urlTemplate\":\"https:\/\/menaggio.visitlakecomo.info\/?s={search_term_string}\"},\"query-input\":{\"@type\":\"PropertyValueSpecification\",\"valueRequired\":true,\"valueName\":\"search_term_string\"}}],\"inLanguage\":\"es\"}]}<\/script>\n<!-- \/ Yoast SEO plugin. -->","yoast_head_json":{"title":"Galer\u00edas de arte y artesan\u00eda en Menaggio - Visit Menaggio","description":"Descubre galer\u00edas de arte y tiendas de artesan\u00eda y restauraci\u00f3n en Menaggio","robots":{"index":"index","follow":"follow","max-snippet":"max-snippet:-1","max-image-preview":"max-image-preview:large","max-video-preview":"max-video-preview:-1"},"canonical":"https:\/\/menaggio.visitlakecomo.info\/es\/empresas-y-comercios\/arte-y-artesania","og_locale":"es_ES","og_type":"article","og_title":"Galer\u00edas de arte y artesan\u00eda en Menaggio - Visit Menaggio","og_description":"Descubre galer\u00edas de arte y tiendas de artesan\u00eda y restauraci\u00f3n en Menaggio","og_url":"https:\/\/menaggio.visitlakecomo.info\/es\/empresas-y-comercios\/arte-y-artesania","og_site_name":"Visit Menaggio","article_modified_time":"2025-06-17T07:56:41+00:00","twitter_card":"summary_large_image","schema":{"@context":"https:\/\/schema.org","@graph":[{"@type":"WebPage","@id":"https:\/\/menaggio.visitlakecomo.info\/es\/empresas-y-comercios\/arte-y-artesania","url":"https:\/\/menaggio.visitlakecomo.info\/es\/empresas-y-comercios\/arte-y-artesania","name":"Galer\u00edas de arte y artesan\u00eda en Menaggio - Visit Menaggio","isPartOf":{"@id":"https:\/\/menaggio.visitlakecomo.info\/#website"},"datePublished":"2025-04-16T13:37:22+00:00","dateModified":"2025-06-17T07:56:41+00:00","description":"Descubre galer\u00edas de arte y tiendas de artesan\u00eda y restauraci\u00f3n en Menaggio","breadcrumb":{"@id":"https:\/\/menaggio.visitlakecomo.info\/es\/empresas-y-comercios\/arte-y-artesania#breadcrumb"},"inLanguage":"es","potentialAction":[{"@type":"ReadAction","target":["https:\/\/menaggio.visitlakecomo.info\/es\/empresas-y-comercios\/arte-y-artesania"]}]},{"@type":"BreadcrumbList","@id":"https:\/\/menaggio.visitlakecomo.info\/es\/empresas-y-comercios\/arte-y-artesania#breadcrumb","itemListElement":[{"@type":"ListItem","position":1,"name":"Home","item":"https:\/\/menaggio.visitlakecomo.info\/es"},{"@type":"ListItem","position":2,"name":"Empresas y comercios","item":"https:\/\/menaggio.visitlakecomo.info\/es\/empresas-y-comercios"},{"@type":"ListItem","position":3,"name":"Arte y artesan\u00eda"}]},{"@type":"WebSite","@id":"https:\/\/menaggio.visitlakecomo.info\/#website","url":"https:\/\/menaggio.visitlakecomo.info\/","name":"Visit Menaggio","description":"","potentialAction":[{"@type":"SearchAction","target":{"@type":"EntryPoint","urlTemplate":"https:\/\/menaggio.visitlakecomo.info\/?s={search_term_string}"},"query-input":{"@type":"PropertyValueSpecification","valueRequired":true,"valueName":"search_term_string"}}],"inLanguage":"es"}]}},"_links":{"self":[{"href":"https:\/\/menaggio.visitlakecomo.info\/es\/wp-json\/wp\/v2\/pages\/1240","targetHints":{"allow":["GET"]}}],"collection":[{"href":"https:\/\/menaggio.visitlakecomo.info\/es\/wp-json\/wp\/v2\/pages"}],"about":[{"href":"https:\/\/menaggio.visitlakecomo.info\/es\/wp-json\/wp\/v2\/types\/page"}],"author":[{"embeddable":true,"href":"https:\/\/menaggio.visitlakecomo.info\/es\/wp-json\/wp\/v2\/users\/1"}],"replies":[{"embeddable":true,"href":"https:\/\/menaggio.visitlakecomo.info\/es\/wp-json\/wp\/v2\/comments?post=1240"}],"version-history":[{"count":1,"href":"https:\/\/menaggio.visitlakecomo.info\/es\/wp-json\/wp\/v2\/pages\/1240\/revisions"}],"predecessor-version":[{"id":1241,"href":"https:\/\/menaggio.visitlakecomo.info\/es\/wp-json\/wp\/v2\/pages\/1240\/revisions\/1241"}],"up":[{"embeddable":true,"href":"https:\/\/menaggio.visitlakecomo.info\/es\/wp-json\/wp\/v2\/pages\/1230"}],"wp:attachment":[{"href":"https:\/\/menaggio.visitlakecomo.info\/es\/wp-json\/wp\/v2\/media?parent=1240"}],"curies":[{"name":"wp","href":"https:\/\/api.w.org\/{rel}","templated":true}]}}