{"id":1250,"date":"2025-05-20T08:48:09","date_gmt":"2025-05-20T08:48:09","guid":{"rendered":"https:\/\/menaggio.visitlakecomo.info\/territorio\/iglesia-de-san-stefano"},"modified":"2025-06-17T07:56:41","modified_gmt":"2025-06-17T07:56:41","slug":"iglesia-de-san-stefano","status":"publish","type":"page","link":"https:\/\/menaggio.visitlakecomo.info\/es\/territorio\/iglesia-de-san-stefano","title":{"rendered":"Iglesia de San Stefano"},"content":{"rendered":"<p>En el coraz\u00f3n del <b>pueblo de Menaggio<\/b>, la <b>iglesia de San Stefano<\/b> \u2014<b>abierta todos los d\u00edas<\/b>\u2014 es un templo de <b>origen muy antiguo<\/b>.<\/p><p>Se construy\u00f3 a partir de 1618 sobre los restos de una antigua iglesia rom\u00e1nica, con una orientaci\u00f3n opuesta a la original.<\/p>","protected":false},"excerpt":{"rendered":"<p>En el coraz\u00f3n del pueblo de Menaggio, la iglesia de San Stefano \u2014abierta todos los d\u00edas\u2014 es un templo de origen muy antiguo. Se construy\u00f3 a partir de 1618 sobre los restos de una antigua iglesia rom\u00e1nica, con una orientaci\u00f3n opuesta a la original.<\/p>\n","protected":false},"author":1,"featured_media":0,"parent":1222,"menu_order":0,"comment_status":"closed","ping_status":"closed","template":"page-templates\/pagina_box.php","meta":{"_acf_changed":false,"inline_featured_image":false,"footnotes":""},"class_list":["post-1250","page","type-page","status-publish","hentry"],"acf":[],"yoast_head":"<!-- This site is optimized with the Yoast SEO plugin v25.2 - https:\/\/yoast.com\/wordpress\/plugins\/seo\/ -->\n<title>Iglesia de San Stefano en Menaggio: historia y frescos<\/title>\n<meta name=\"description\" content=\"Descubre la iglesia de San Stefano en Menaggio: templo del siglo XVII con frescos y campanario hist\u00f3rico.\" \/>\n<meta name=\"robots\" content=\"index, follow, max-snippet:-1, max-image-preview:large, max-video-preview:-1\" \/>\n<link rel=\"canonical\" href=\"https:\/\/menaggio.visitlakecomo.info\/es\/territorio\/iglesia-de-san-stefano\" \/>\n<meta property=\"og:locale\" content=\"es_ES\" \/>\n<meta property=\"og:type\" content=\"article\" \/>\n<meta property=\"og:title\" content=\"Iglesia de San Stefano en Menaggio: historia y frescos\" \/>\n<meta property=\"og:description\" content=\"Descubre la iglesia de San Stefano en Menaggio: templo del siglo XVII con frescos y campanario hist\u00f3rico.\" \/>\n<meta property=\"og:url\" content=\"https:\/\/menaggio.visitlakecomo.info\/es\/territorio\/iglesia-de-san-stefano\" \/>\n<meta property=\"og:site_name\" content=\"Visit Menaggio\" \/>\n<meta property=\"article:modified_time\" content=\"2025-06-17T07:56:41+00:00\" \/>\n<meta name=\"twitter:card\" content=\"summary_large_image\" \/>\n<script type=\"application\/ld+json\" class=\"yoast-schema-graph\">{\"@context\":\"https:\/\/schema.org\",\"@graph\":[{\"@type\":\"WebPage\",\"@id\":\"https:\/\/menaggio.visitlakecomo.info\/es\/territorio\/iglesia-de-san-stefano\",\"url\":\"https:\/\/menaggio.visitlakecomo.info\/es\/territorio\/iglesia-de-san-stefano\",\"name\":\"Iglesia de San Stefano en Menaggio: historia y frescos\",\"isPartOf\":{\"@id\":\"https:\/\/menaggio.visitlakecomo.info\/#website\"},\"datePublished\":\"2025-05-20T08:48:09+00:00\",\"dateModified\":\"2025-06-17T07:56:41+00:00\",\"description\":\"Descubre la iglesia de San Stefano en Menaggio: templo del siglo XVII con frescos y campanario hist\u00f3rico.\",\"breadcrumb\":{\"@id\":\"https:\/\/menaggio.visitlakecomo.info\/es\/territorio\/iglesia-de-san-stefano#breadcrumb\"},\"inLanguage\":\"es\",\"potentialAction\":[{\"@type\":\"ReadAction\",\"target\":[\"https:\/\/menaggio.visitlakecomo.info\/es\/territorio\/iglesia-de-san-stefano\"]}]},{\"@type\":\"BreadcrumbList\",\"@id\":\"https:\/\/menaggio.visitlakecomo.info\/es\/territorio\/iglesia-de-san-stefano#breadcrumb\",\"itemListElement\":[{\"@type\":\"ListItem\",\"position\":1,\"name\":\"Home\",\"item\":\"https:\/\/menaggio.visitlakecomo.info\/es\"},{\"@type\":\"ListItem\",\"position\":2,\"name\":\"Territorio\",\"item\":\"https:\/\/menaggio.visitlakecomo.info\/es\/territorio\"},{\"@type\":\"ListItem\",\"position\":3,\"name\":\"Iglesia de San Stefano\"}]},{\"@type\":\"WebSite\",\"@id\":\"https:\/\/menaggio.visitlakecomo.info\/#website\",\"url\":\"https:\/\/menaggio.visitlakecomo.info\/\",\"name\":\"Visit Menaggio\",\"description\":\"\",\"potentialAction\":[{\"@type\":\"SearchAction\",\"target\":{\"@type\":\"EntryPoint\",\"urlTemplate\":\"https:\/\/menaggio.visitlakecomo.info\/?s={search_term_string}\"},\"query-input\":{\"@type\":\"PropertyValueSpecification\",\"valueRequired\":true,\"valueName\":\"search_term_string\"}}],\"inLanguage\":\"es\"}]}<\/script>\n<!-- \/ Yoast SEO plugin. -->","yoast_head_json":{"title":"Iglesia de San Stefano en Menaggio: historia y frescos","description":"Descubre la iglesia de San Stefano en Menaggio: templo del siglo XVII con frescos y campanario hist\u00f3rico.","robots":{"index":"index","follow":"follow","max-snippet":"max-snippet:-1","max-image-preview":"max-image-preview:large","max-video-preview":"max-video-preview:-1"},"canonical":"https:\/\/menaggio.visitlakecomo.info\/es\/territorio\/iglesia-de-san-stefano","og_locale":"es_ES","og_type":"article","og_title":"Iglesia de San Stefano en Menaggio: historia y frescos","og_description":"Descubre la iglesia de San Stefano en Menaggio: templo del siglo XVII con frescos y campanario hist\u00f3rico.","og_url":"https:\/\/menaggio.visitlakecomo.info\/es\/territorio\/iglesia-de-san-stefano","og_site_name":"Visit Menaggio","article_modified_time":"2025-06-17T07:56:41+00:00","twitter_card":"summary_large_image","schema":{"@context":"https:\/\/schema.org","@graph":[{"@type":"WebPage","@id":"https:\/\/menaggio.visitlakecomo.info\/es\/territorio\/iglesia-de-san-stefano","url":"https:\/\/menaggio.visitlakecomo.info\/es\/territorio\/iglesia-de-san-stefano","name":"Iglesia de San Stefano en Menaggio: historia y frescos","isPartOf":{"@id":"https:\/\/menaggio.visitlakecomo.info\/#website"},"datePublished":"2025-05-20T08:48:09+00:00","dateModified":"2025-06-17T07:56:41+00:00","description":"Descubre la iglesia de San Stefano en Menaggio: templo del siglo XVII con frescos y campanario hist\u00f3rico.","breadcrumb":{"@id":"https:\/\/menaggio.visitlakecomo.info\/es\/territorio\/iglesia-de-san-stefano#breadcrumb"},"inLanguage":"es","potentialAction":[{"@type":"ReadAction","target":["https:\/\/menaggio.visitlakecomo.info\/es\/territorio\/iglesia-de-san-stefano"]}]},{"@type":"BreadcrumbList","@id":"https:\/\/menaggio.visitlakecomo.info\/es\/territorio\/iglesia-de-san-stefano#breadcrumb","itemListElement":[{"@type":"ListItem","position":1,"name":"Home","item":"https:\/\/menaggio.visitlakecomo.info\/es"},{"@type":"ListItem","position":2,"name":"Territorio","item":"https:\/\/menaggio.visitlakecomo.info\/es\/territorio"},{"@type":"ListItem","position":3,"name":"Iglesia de San Stefano"}]},{"@type":"WebSite","@id":"https:\/\/menaggio.visitlakecomo.info\/#website","url":"https:\/\/menaggio.visitlakecomo.info\/","name":"Visit Menaggio","description":"","potentialAction":[{"@type":"SearchAction","target":{"@type":"EntryPoint","urlTemplate":"https:\/\/menaggio.visitlakecomo.info\/?s={search_term_string}"},"query-input":{"@type":"PropertyValueSpecification","valueRequired":true,"valueName":"search_term_string"}}],"inLanguage":"es"}]}},"_links":{"self":[{"href":"https:\/\/menaggio.visitlakecomo.info\/es\/wp-json\/wp\/v2\/pages\/1250","targetHints":{"allow":["GET"]}}],"collection":[{"href":"https:\/\/menaggio.visitlakecomo.info\/es\/wp-json\/wp\/v2\/pages"}],"about":[{"href":"https:\/\/menaggio.visitlakecomo.info\/es\/wp-json\/wp\/v2\/types\/page"}],"author":[{"embeddable":true,"href":"https:\/\/menaggio.visitlakecomo.info\/es\/wp-json\/wp\/v2\/users\/1"}],"replies":[{"embeddable":true,"href":"https:\/\/menaggio.visitlakecomo.info\/es\/wp-json\/wp\/v2\/comments?post=1250"}],"version-history":[{"count":1,"href":"https:\/\/menaggio.visitlakecomo.info\/es\/wp-json\/wp\/v2\/pages\/1250\/revisions"}],"predecessor-version":[{"id":1251,"href":"https:\/\/menaggio.visitlakecomo.info\/es\/wp-json\/wp\/v2\/pages\/1250\/revisions\/1251"}],"up":[{"embeddable":true,"href":"https:\/\/menaggio.visitlakecomo.info\/es\/wp-json\/wp\/v2\/pages\/1222"}],"wp:attachment":[{"href":"https:\/\/menaggio.visitlakecomo.info\/es\/wp-json\/wp\/v2\/media?parent=1250"}],"curies":[{"name":"wp","href":"https:\/\/api.w.org\/{rel}","templated":true}]}}