{"id":1252,"date":"2025-05-26T10:16:38","date_gmt":"2025-05-26T10:16:38","guid":{"rendered":"https:\/\/menaggio.visitlakecomo.info\/territorio\/refugio-menaggio"},"modified":"2025-06-17T07:56:41","modified_gmt":"2025-06-17T07:56:41","slug":"refugio-menaggio","status":"publish","type":"page","link":"https:\/\/menaggio.visitlakecomo.info\/es\/territorio\/refugio-menaggio","title":{"rendered":"Refugio Menaggio"},"content":{"rendered":"<p>Ubicado en el Monte Grona, el <b>Refugio Menaggio <\/b>es uno de los destinos de senderismo m\u00e1s apreciados de la zona, <b>accesible tras una caminata de una hora aproximadamente<\/b>. El panorama de 360 grados ofrece vistas del lago y las monta\u00f1as que, en los d\u00edas claros, se extienden hasta Suiza. De gesti\u00f3n privada y propiedad del CAI, el refugio da la bienvenida a los excursionistas con buena comida, descanso y toda la informaci\u00f3n necesaria sobre los senderos locales.<\/p><p><b>Abierto todos los d\u00edas en verano<\/b> y los fines de semana y festivos el resto del a\u00f1o, es el <b>punto de partida ideal para rutas de media monta\u00f1a<\/b>.<\/p>","protected":false},"excerpt":{"rendered":"<p>Ubicado en el Monte Grona, el Refugio Menaggio es uno de los destinos de senderismo m\u00e1s apreciados de la zona, accesible tras una caminata de una hora aproximadamente. El panorama de 360 grados ofrece vistas del lago y las monta\u00f1as que, en los d\u00edas claros, se extienden hasta Suiza. De gesti\u00f3n privada y propiedad del &hellip;<\/p>\n","protected":false},"author":1,"featured_media":0,"parent":1222,"menu_order":0,"comment_status":"closed","ping_status":"closed","template":"page-templates\/pagina_box.php","meta":{"_acf_changed":false,"inline_featured_image":false,"footnotes":""},"class_list":["post-1252","page","type-page","status-publish","hentry"],"acf":[],"yoast_head":"<!-- This site is optimized with the Yoast SEO plugin v25.2 - https:\/\/yoast.com\/wordpress\/plugins\/seo\/ -->\n<title>Refugio Menaggio: rutas y vistas en el Lago de Como<\/title>\n<meta name=\"description\" content=\"Descubre el Refugio Menaggio en el Monte Grona: rutas y panor\u00e1micas de los lagos de Como, Piano y Lugano.\" \/>\n<meta name=\"robots\" content=\"index, follow, max-snippet:-1, max-image-preview:large, max-video-preview:-1\" \/>\n<link rel=\"canonical\" href=\"https:\/\/menaggio.visitlakecomo.info\/es\/territorio\/refugio-menaggio\" \/>\n<meta property=\"og:locale\" content=\"es_ES\" \/>\n<meta property=\"og:type\" content=\"article\" \/>\n<meta property=\"og:title\" content=\"Refugio Menaggio: rutas y vistas en el Lago de Como\" \/>\n<meta property=\"og:description\" content=\"Descubre el Refugio Menaggio en el Monte Grona: rutas y panor\u00e1micas de los lagos de Como, Piano y Lugano.\" \/>\n<meta property=\"og:url\" content=\"https:\/\/menaggio.visitlakecomo.info\/es\/territorio\/refugio-menaggio\" \/>\n<meta property=\"og:site_name\" content=\"Visit Menaggio\" \/>\n<meta property=\"article:modified_time\" content=\"2025-06-17T07:56:41+00:00\" \/>\n<meta name=\"twitter:card\" content=\"summary_large_image\" \/>\n<meta name=\"twitter:label1\" content=\"Tiempo de lectura\" \/>\n\t<meta name=\"twitter:data1\" content=\"1 minuto\" \/>\n<script type=\"application\/ld+json\" class=\"yoast-schema-graph\">{\"@context\":\"https:\/\/schema.org\",\"@graph\":[{\"@type\":\"WebPage\",\"@id\":\"https:\/\/menaggio.visitlakecomo.info\/es\/territorio\/refugio-menaggio\",\"url\":\"https:\/\/menaggio.visitlakecomo.info\/es\/territorio\/refugio-menaggio\",\"name\":\"Refugio Menaggio: rutas y vistas en el Lago de Como\",\"isPartOf\":{\"@id\":\"https:\/\/menaggio.visitlakecomo.info\/#website\"},\"datePublished\":\"2025-05-26T10:16:38+00:00\",\"dateModified\":\"2025-06-17T07:56:41+00:00\",\"description\":\"Descubre el Refugio Menaggio en el Monte Grona: rutas y panor\u00e1micas de los lagos de Como, Piano y Lugano.\",\"breadcrumb\":{\"@id\":\"https:\/\/menaggio.visitlakecomo.info\/es\/territorio\/refugio-menaggio#breadcrumb\"},\"inLanguage\":\"es\",\"potentialAction\":[{\"@type\":\"ReadAction\",\"target\":[\"https:\/\/menaggio.visitlakecomo.info\/es\/territorio\/refugio-menaggio\"]}]},{\"@type\":\"BreadcrumbList\",\"@id\":\"https:\/\/menaggio.visitlakecomo.info\/es\/territorio\/refugio-menaggio#breadcrumb\",\"itemListElement\":[{\"@type\":\"ListItem\",\"position\":1,\"name\":\"Home\",\"item\":\"https:\/\/menaggio.visitlakecomo.info\/es\"},{\"@type\":\"ListItem\",\"position\":2,\"name\":\"Territorio\",\"item\":\"https:\/\/menaggio.visitlakecomo.info\/es\/territorio\"},{\"@type\":\"ListItem\",\"position\":3,\"name\":\"Refugio Menaggio\"}]},{\"@type\":\"WebSite\",\"@id\":\"https:\/\/menaggio.visitlakecomo.info\/#website\",\"url\":\"https:\/\/menaggio.visitlakecomo.info\/\",\"name\":\"Visit Menaggio\",\"description\":\"\",\"potentialAction\":[{\"@type\":\"SearchAction\",\"target\":{\"@type\":\"EntryPoint\",\"urlTemplate\":\"https:\/\/menaggio.visitlakecomo.info\/?s={search_term_string}\"},\"query-input\":{\"@type\":\"PropertyValueSpecification\",\"valueRequired\":true,\"valueName\":\"search_term_string\"}}],\"inLanguage\":\"es\"}]}<\/script>\n<!-- \/ Yoast SEO plugin. -->","yoast_head_json":{"title":"Refugio Menaggio: rutas y vistas en el Lago de Como","description":"Descubre el Refugio Menaggio en el Monte Grona: rutas y panor\u00e1micas de los lagos de Como, Piano y Lugano.","robots":{"index":"index","follow":"follow","max-snippet":"max-snippet:-1","max-image-preview":"max-image-preview:large","max-video-preview":"max-video-preview:-1"},"canonical":"https:\/\/menaggio.visitlakecomo.info\/es\/territorio\/refugio-menaggio","og_locale":"es_ES","og_type":"article","og_title":"Refugio Menaggio: rutas y vistas en el Lago de Como","og_description":"Descubre el Refugio Menaggio en el Monte Grona: rutas y panor\u00e1micas de los lagos de Como, Piano y Lugano.","og_url":"https:\/\/menaggio.visitlakecomo.info\/es\/territorio\/refugio-menaggio","og_site_name":"Visit Menaggio","article_modified_time":"2025-06-17T07:56:41+00:00","twitter_card":"summary_large_image","twitter_misc":{"Tiempo de lectura":"1 minuto"},"schema":{"@context":"https:\/\/schema.org","@graph":[{"@type":"WebPage","@id":"https:\/\/menaggio.visitlakecomo.info\/es\/territorio\/refugio-menaggio","url":"https:\/\/menaggio.visitlakecomo.info\/es\/territorio\/refugio-menaggio","name":"Refugio Menaggio: rutas y vistas en el Lago de Como","isPartOf":{"@id":"https:\/\/menaggio.visitlakecomo.info\/#website"},"datePublished":"2025-05-26T10:16:38+00:00","dateModified":"2025-06-17T07:56:41+00:00","description":"Descubre el Refugio Menaggio en el Monte Grona: rutas y panor\u00e1micas de los lagos de Como, Piano y Lugano.","breadcrumb":{"@id":"https:\/\/menaggio.visitlakecomo.info\/es\/territorio\/refugio-menaggio#breadcrumb"},"inLanguage":"es","potentialAction":[{"@type":"ReadAction","target":["https:\/\/menaggio.visitlakecomo.info\/es\/territorio\/refugio-menaggio"]}]},{"@type":"BreadcrumbList","@id":"https:\/\/menaggio.visitlakecomo.info\/es\/territorio\/refugio-menaggio#breadcrumb","itemListElement":[{"@type":"ListItem","position":1,"name":"Home","item":"https:\/\/menaggio.visitlakecomo.info\/es"},{"@type":"ListItem","position":2,"name":"Territorio","item":"https:\/\/menaggio.visitlakecomo.info\/es\/territorio"},{"@type":"ListItem","position":3,"name":"Refugio Menaggio"}]},{"@type":"WebSite","@id":"https:\/\/menaggio.visitlakecomo.info\/#website","url":"https:\/\/menaggio.visitlakecomo.info\/","name":"Visit Menaggio","description":"","potentialAction":[{"@type":"SearchAction","target":{"@type":"EntryPoint","urlTemplate":"https:\/\/menaggio.visitlakecomo.info\/?s={search_term_string}"},"query-input":{"@type":"PropertyValueSpecification","valueRequired":true,"valueName":"search_term_string"}}],"inLanguage":"es"}]}},"_links":{"self":[{"href":"https:\/\/menaggio.visitlakecomo.info\/es\/wp-json\/wp\/v2\/pages\/1252","targetHints":{"allow":["GET"]}}],"collection":[{"href":"https:\/\/menaggio.visitlakecomo.info\/es\/wp-json\/wp\/v2\/pages"}],"about":[{"href":"https:\/\/menaggio.visitlakecomo.info\/es\/wp-json\/wp\/v2\/types\/page"}],"author":[{"embeddable":true,"href":"https:\/\/menaggio.visitlakecomo.info\/es\/wp-json\/wp\/v2\/users\/1"}],"replies":[{"embeddable":true,"href":"https:\/\/menaggio.visitlakecomo.info\/es\/wp-json\/wp\/v2\/comments?post=1252"}],"version-history":[{"count":1,"href":"https:\/\/menaggio.visitlakecomo.info\/es\/wp-json\/wp\/v2\/pages\/1252\/revisions"}],"predecessor-version":[{"id":1253,"href":"https:\/\/menaggio.visitlakecomo.info\/es\/wp-json\/wp\/v2\/pages\/1252\/revisions\/1253"}],"up":[{"embeddable":true,"href":"https:\/\/menaggio.visitlakecomo.info\/es\/wp-json\/wp\/v2\/pages\/1222"}],"wp:attachment":[{"href":"https:\/\/menaggio.visitlakecomo.info\/es\/wp-json\/wp\/v2\/media?parent=1252"}],"curies":[{"name":"wp","href":"https:\/\/api.w.org\/{rel}","templated":true}]}}