{"id":67,"date":"2025-04-15T13:11:22","date_gmt":"2025-04-15T13:11:22","guid":{"rendered":"https:\/\/menaggio.visitlakecomo.info\/?page_id=67"},"modified":"2025-06-17T07:56:37","modified_gmt":"2025-06-17T07:56:37","slug":"homepage","status":"publish","type":"page","link":"https:\/\/menaggio.visitlakecomo.info\/es","title":{"rendered":"P\u00e1gina principal"},"content":{"rendered":"<p>El paseo junto al lago de <b>Menaggio<\/b> es uno de los recorridos panor\u00e1micos m\u00e1s bonitos del <b>Lago de Como<\/b>. Este elegante pueblo parece un libro donde cada cap\u00edtulo ofrece una emoci\u00f3n distinta: <b>excursiones<\/b> en la naturaleza, restos de <b>castillos<\/b> antiguos, el encanto de las <b>villas nobles<\/b> y los <b>sitios hist\u00f3ricos<\/b>, <b>momentos de relax<\/b> junto al lago&#8230; p\u00e1ginas que puedes vivir como protagonista en cualquier \u00e9poca del a\u00f1o.<\/p>","protected":false},"excerpt":{"rendered":"<p>El paseo junto al lago de Menaggio es uno de los recorridos panor\u00e1micos m\u00e1s bonitos del Lago de Como. Este elegante pueblo parece un libro donde cada cap\u00edtulo ofrece una emoci\u00f3n distinta: excursiones en la naturaleza, restos de castillos antiguos, el encanto de las villas nobles y los sitios hist\u00f3ricos, momentos de relax junto al &hellip;<\/p>\n","protected":false},"author":1,"featured_media":0,"parent":0,"menu_order":0,"comment_status":"closed","ping_status":"closed","template":"page-templates\/homepage.php","meta":{"_acf_changed":false,"inline_featured_image":false,"footnotes":""},"class_list":["post-67","page","type-page","status-publish","hentry"],"acf":[],"yoast_head":"<!-- This site is optimized with the Yoast SEO plugin v25.2 - https:\/\/yoast.com\/wordpress\/plugins\/seo\/ -->\n<title>Visit Menaggio<\/title>\n<meta name=\"robots\" content=\"index, follow, max-snippet:-1, max-image-preview:large, max-video-preview:-1\" \/>\n<link rel=\"canonical\" href=\"https:\/\/menaggio.visitlakecomo.info\/es\" \/>\n<meta property=\"og:locale\" content=\"es_ES\" \/>\n<meta property=\"og:type\" content=\"article\" \/>\n<meta property=\"og:title\" content=\"Visit Menaggio\" \/>\n<meta property=\"og:description\" content=\"El paseo junto al lago de Menaggio es uno de los recorridos panor\u00e1micos m\u00e1s bonitos del Lago de Como. Este elegante pueblo parece un libro donde cada cap\u00edtulo ofrece una emoci\u00f3n distinta: excursiones en la naturaleza, restos de castillos antiguos, el encanto de las villas nobles y los sitios hist\u00f3ricos, momentos de relax junto al &hellip;\" \/>\n<meta property=\"og:url\" content=\"https:\/\/menaggio.visitlakecomo.info\/es\" \/>\n<meta property=\"og:site_name\" content=\"Visit Menaggio\" \/>\n<meta property=\"article:modified_time\" content=\"2025-06-17T07:56:37+00:00\" \/>\n<meta name=\"twitter:card\" content=\"summary_large_image\" \/>\n<script type=\"application\/ld+json\" class=\"yoast-schema-graph\">{\"@context\":\"https:\/\/schema.org\",\"@graph\":[{\"@type\":\"WebPage\",\"@id\":\"https:\/\/menaggio.visitlakecomo.info\/es\",\"url\":\"https:\/\/menaggio.visitlakecomo.info\/es\",\"name\":\"Visit Menaggio\",\"isPartOf\":{\"@id\":\"https:\/\/menaggio.visitlakecomo.info\/#website\"},\"datePublished\":\"2025-04-15T13:11:22+00:00\",\"dateModified\":\"2025-06-17T07:56:37+00:00\",\"breadcrumb\":{\"@id\":\"https:\/\/menaggio.visitlakecomo.info\/es#breadcrumb\"},\"inLanguage\":\"es\",\"potentialAction\":[{\"@type\":\"ReadAction\",\"target\":[\"https:\/\/menaggio.visitlakecomo.info\/es\"]}]},{\"@type\":\"BreadcrumbList\",\"@id\":\"https:\/\/menaggio.visitlakecomo.info\/es#breadcrumb\",\"itemListElement\":[{\"@type\":\"ListItem\",\"position\":1,\"name\":\"Home\",\"item\":\"https:\/\/menaggio.visitlakecomo.info\/es\"},{\"@type\":\"ListItem\",\"position\":2,\"name\":\"P\u00e1gina principal\"}]},{\"@type\":\"WebSite\",\"@id\":\"https:\/\/menaggio.visitlakecomo.info\/#website\",\"url\":\"https:\/\/menaggio.visitlakecomo.info\/\",\"name\":\"Visit Menaggio\",\"description\":\"\",\"potentialAction\":[{\"@type\":\"SearchAction\",\"target\":{\"@type\":\"EntryPoint\",\"urlTemplate\":\"https:\/\/menaggio.visitlakecomo.info\/?s={search_term_string}\"},\"query-input\":{\"@type\":\"PropertyValueSpecification\",\"valueRequired\":true,\"valueName\":\"search_term_string\"}}],\"inLanguage\":\"es\"}]}<\/script>\n<!-- \/ Yoast SEO plugin. -->","yoast_head_json":{"title":"Visit Menaggio","robots":{"index":"index","follow":"follow","max-snippet":"max-snippet:-1","max-image-preview":"max-image-preview:large","max-video-preview":"max-video-preview:-1"},"canonical":"https:\/\/menaggio.visitlakecomo.info\/es","og_locale":"es_ES","og_type":"article","og_title":"Visit Menaggio","og_description":"El paseo junto al lago de Menaggio es uno de los recorridos panor\u00e1micos m\u00e1s bonitos del Lago de Como. Este elegante pueblo parece un libro donde cada cap\u00edtulo ofrece una emoci\u00f3n distinta: excursiones en la naturaleza, restos de castillos antiguos, el encanto de las villas nobles y los sitios hist\u00f3ricos, momentos de relax junto al &hellip;","og_url":"https:\/\/menaggio.visitlakecomo.info\/es","og_site_name":"Visit Menaggio","article_modified_time":"2025-06-17T07:56:37+00:00","twitter_card":"summary_large_image","schema":{"@context":"https:\/\/schema.org","@graph":[{"@type":"WebPage","@id":"https:\/\/menaggio.visitlakecomo.info\/es","url":"https:\/\/menaggio.visitlakecomo.info\/es","name":"Visit Menaggio","isPartOf":{"@id":"https:\/\/menaggio.visitlakecomo.info\/#website"},"datePublished":"2025-04-15T13:11:22+00:00","dateModified":"2025-06-17T07:56:37+00:00","breadcrumb":{"@id":"https:\/\/menaggio.visitlakecomo.info\/es#breadcrumb"},"inLanguage":"es","potentialAction":[{"@type":"ReadAction","target":["https:\/\/menaggio.visitlakecomo.info\/es"]}]},{"@type":"BreadcrumbList","@id":"https:\/\/menaggio.visitlakecomo.info\/es#breadcrumb","itemListElement":[{"@type":"ListItem","position":1,"name":"Home","item":"https:\/\/menaggio.visitlakecomo.info\/es"},{"@type":"ListItem","position":2,"name":"P\u00e1gina principal"}]},{"@type":"WebSite","@id":"https:\/\/menaggio.visitlakecomo.info\/#website","url":"https:\/\/menaggio.visitlakecomo.info\/","name":"Visit Menaggio","description":"","potentialAction":[{"@type":"SearchAction","target":{"@type":"EntryPoint","urlTemplate":"https:\/\/menaggio.visitlakecomo.info\/?s={search_term_string}"},"query-input":{"@type":"PropertyValueSpecification","valueRequired":true,"valueName":"search_term_string"}}],"inLanguage":"es"}]}},"_links":{"self":[{"href":"https:\/\/menaggio.visitlakecomo.info\/es\/wp-json\/wp\/v2\/pages\/67","targetHints":{"allow":["GET"]}}],"collection":[{"href":"https:\/\/menaggio.visitlakecomo.info\/es\/wp-json\/wp\/v2\/pages"}],"about":[{"href":"https:\/\/menaggio.visitlakecomo.info\/es\/wp-json\/wp\/v2\/types\/page"}],"author":[{"embeddable":true,"href":"https:\/\/menaggio.visitlakecomo.info\/es\/wp-json\/wp\/v2\/users\/1"}],"replies":[{"embeddable":true,"href":"https:\/\/menaggio.visitlakecomo.info\/es\/wp-json\/wp\/v2\/comments?post=67"}],"version-history":[{"count":3,"href":"https:\/\/menaggio.visitlakecomo.info\/es\/wp-json\/wp\/v2\/pages\/67\/revisions"}],"predecessor-version":[{"id":1219,"href":"https:\/\/menaggio.visitlakecomo.info\/es\/wp-json\/wp\/v2\/pages\/67\/revisions\/1219"}],"wp:attachment":[{"href":"https:\/\/menaggio.visitlakecomo.info\/es\/wp-json\/wp\/v2\/media?parent=67"}],"curies":[{"name":"wp","href":"https:\/\/api.w.org\/{rel}","templated":true}]}}