{"id":1450,"date":"2025-04-15T13:51:31","date_gmt":"2025-04-15T13:51:31","guid":{"rendered":"https:\/\/menaggio.visitlakecomo.info\/territoire"},"modified":"2025-06-23T14:46:46","modified_gmt":"2025-06-23T14:46:46","slug":"territoire","status":"publish","type":"page","link":"https:\/\/menaggio.visitlakecomo.info\/fr\/territoire","title":{"rendered":"Territoire"},"content":{"rendered":"<p>Le charmant petit port, la promenade fleurie au bord du lac, les plages am\u00e9nag\u00e9es et la place anim\u00e9e de <b>Menaggio<\/b> sont le point de d\u00e9part id\u00e9al pour vivre des exp\u00e9riences <b>entre lac et montagne.<\/b><\/p>","protected":false},"excerpt":{"rendered":"<p>Le charmant petit port, la promenade fleurie au bord du lac, les plages am\u00e9nag\u00e9es et la place anim\u00e9e de Menaggio sont le point de d\u00e9part id\u00e9al pour vivre des exp\u00e9riences entre lac et montagne.<\/p>\n","protected":false},"author":1,"featured_media":0,"parent":0,"menu_order":0,"comment_status":"closed","ping_status":"closed","template":"page-templates\/pagina_box.php","meta":{"_acf_changed":false,"inline_featured_image":false,"footnotes":""},"class_list":["post-1450","page","type-page","status-publish","hentry"],"acf":[],"yoast_head":"<!-- This site is optimized with the Yoast SEO plugin v25.2 - https:\/\/yoast.com\/wordpress\/plugins\/seo\/ -->\n<title>Menaggio : entre lac et montagne - Visit Menaggio<\/title>\n<meta name=\"description\" content=\"D\u00e9couvrez le territoire de Menaggio sur le lac de C\u00f4me : promenade le long du lac, \u00e9glises historiques, points panoramiques et sentiers de montagne.\" \/>\n<meta name=\"robots\" content=\"index, follow, max-snippet:-1, max-image-preview:large, max-video-preview:-1\" \/>\n<link rel=\"canonical\" href=\"https:\/\/menaggio.visitlakecomo.info\/fr\/territoire\" \/>\n<meta property=\"og:locale\" content=\"fr_FR\" \/>\n<meta property=\"og:type\" content=\"article\" \/>\n<meta property=\"og:title\" content=\"Menaggio : entre lac et montagne - Visit Menaggio\" \/>\n<meta property=\"og:description\" content=\"D\u00e9couvrez le territoire de Menaggio sur le lac de C\u00f4me : promenade le long du lac, \u00e9glises historiques, points panoramiques et sentiers de montagne.\" \/>\n<meta property=\"og:url\" content=\"https:\/\/menaggio.visitlakecomo.info\/fr\/territoire\" \/>\n<meta property=\"og:site_name\" content=\"Visit Menaggio\" \/>\n<meta property=\"article:modified_time\" content=\"2025-06-23T14:46:46+00:00\" \/>\n<meta name=\"twitter:card\" content=\"summary_large_image\" \/>\n<script type=\"application\/ld+json\" class=\"yoast-schema-graph\">{\"@context\":\"https:\/\/schema.org\",\"@graph\":[{\"@type\":\"WebPage\",\"@id\":\"https:\/\/menaggio.visitlakecomo.info\/fr\/territoire\",\"url\":\"https:\/\/menaggio.visitlakecomo.info\/fr\/territoire\",\"name\":\"Menaggio : entre lac et montagne - Visit Menaggio\",\"isPartOf\":{\"@id\":\"https:\/\/menaggio.visitlakecomo.info\/#website\"},\"datePublished\":\"2025-04-15T13:51:31+00:00\",\"dateModified\":\"2025-06-23T14:46:46+00:00\",\"description\":\"D\u00e9couvrez le territoire de Menaggio sur le lac de C\u00f4me : promenade le long du lac, \u00e9glises historiques, points panoramiques et sentiers de montagne.\",\"breadcrumb\":{\"@id\":\"https:\/\/menaggio.visitlakecomo.info\/fr\/territoire#breadcrumb\"},\"inLanguage\":\"fr-FR\",\"potentialAction\":[{\"@type\":\"ReadAction\",\"target\":[\"https:\/\/menaggio.visitlakecomo.info\/fr\/territoire\"]}]},{\"@type\":\"BreadcrumbList\",\"@id\":\"https:\/\/menaggio.visitlakecomo.info\/fr\/territoire#breadcrumb\",\"itemListElement\":[{\"@type\":\"ListItem\",\"position\":1,\"name\":\"Home\",\"item\":\"https:\/\/menaggio.visitlakecomo.info\/fr\"},{\"@type\":\"ListItem\",\"position\":2,\"name\":\"Territoire\"}]},{\"@type\":\"WebSite\",\"@id\":\"https:\/\/menaggio.visitlakecomo.info\/#website\",\"url\":\"https:\/\/menaggio.visitlakecomo.info\/\",\"name\":\"Visit Menaggio\",\"description\":\"\",\"potentialAction\":[{\"@type\":\"SearchAction\",\"target\":{\"@type\":\"EntryPoint\",\"urlTemplate\":\"https:\/\/menaggio.visitlakecomo.info\/?s={search_term_string}\"},\"query-input\":{\"@type\":\"PropertyValueSpecification\",\"valueRequired\":true,\"valueName\":\"search_term_string\"}}],\"inLanguage\":\"fr-FR\"}]}<\/script>\n<!-- \/ Yoast SEO plugin. -->","yoast_head_json":{"title":"Menaggio : entre lac et montagne - Visit Menaggio","description":"D\u00e9couvrez le territoire de Menaggio sur le lac de C\u00f4me : promenade le long du lac, \u00e9glises historiques, points panoramiques et sentiers de montagne.","robots":{"index":"index","follow":"follow","max-snippet":"max-snippet:-1","max-image-preview":"max-image-preview:large","max-video-preview":"max-video-preview:-1"},"canonical":"https:\/\/menaggio.visitlakecomo.info\/fr\/territoire","og_locale":"fr_FR","og_type":"article","og_title":"Menaggio : entre lac et montagne - Visit Menaggio","og_description":"D\u00e9couvrez le territoire de Menaggio sur le lac de C\u00f4me : promenade le long du lac, \u00e9glises historiques, points panoramiques et sentiers de montagne.","og_url":"https:\/\/menaggio.visitlakecomo.info\/fr\/territoire","og_site_name":"Visit Menaggio","article_modified_time":"2025-06-23T14:46:46+00:00","twitter_card":"summary_large_image","schema":{"@context":"https:\/\/schema.org","@graph":[{"@type":"WebPage","@id":"https:\/\/menaggio.visitlakecomo.info\/fr\/territoire","url":"https:\/\/menaggio.visitlakecomo.info\/fr\/territoire","name":"Menaggio : entre lac et montagne - Visit Menaggio","isPartOf":{"@id":"https:\/\/menaggio.visitlakecomo.info\/#website"},"datePublished":"2025-04-15T13:51:31+00:00","dateModified":"2025-06-23T14:46:46+00:00","description":"D\u00e9couvrez le territoire de Menaggio sur le lac de C\u00f4me : promenade le long du lac, \u00e9glises historiques, points panoramiques et sentiers de montagne.","breadcrumb":{"@id":"https:\/\/menaggio.visitlakecomo.info\/fr\/territoire#breadcrumb"},"inLanguage":"fr-FR","potentialAction":[{"@type":"ReadAction","target":["https:\/\/menaggio.visitlakecomo.info\/fr\/territoire"]}]},{"@type":"BreadcrumbList","@id":"https:\/\/menaggio.visitlakecomo.info\/fr\/territoire#breadcrumb","itemListElement":[{"@type":"ListItem","position":1,"name":"Home","item":"https:\/\/menaggio.visitlakecomo.info\/fr"},{"@type":"ListItem","position":2,"name":"Territoire"}]},{"@type":"WebSite","@id":"https:\/\/menaggio.visitlakecomo.info\/#website","url":"https:\/\/menaggio.visitlakecomo.info\/","name":"Visit Menaggio","description":"","potentialAction":[{"@type":"SearchAction","target":{"@type":"EntryPoint","urlTemplate":"https:\/\/menaggio.visitlakecomo.info\/?s={search_term_string}"},"query-input":{"@type":"PropertyValueSpecification","valueRequired":true,"valueName":"search_term_string"}}],"inLanguage":"fr-FR"}]}},"_links":{"self":[{"href":"https:\/\/menaggio.visitlakecomo.info\/fr\/wp-json\/wp\/v2\/pages\/1450","targetHints":{"allow":["GET"]}}],"collection":[{"href":"https:\/\/menaggio.visitlakecomo.info\/fr\/wp-json\/wp\/v2\/pages"}],"about":[{"href":"https:\/\/menaggio.visitlakecomo.info\/fr\/wp-json\/wp\/v2\/types\/page"}],"author":[{"embeddable":true,"href":"https:\/\/menaggio.visitlakecomo.info\/fr\/wp-json\/wp\/v2\/users\/1"}],"replies":[{"embeddable":true,"href":"https:\/\/menaggio.visitlakecomo.info\/fr\/wp-json\/wp\/v2\/comments?post=1450"}],"version-history":[{"count":1,"href":"https:\/\/menaggio.visitlakecomo.info\/fr\/wp-json\/wp\/v2\/pages\/1450\/revisions"}],"predecessor-version":[{"id":1451,"href":"https:\/\/menaggio.visitlakecomo.info\/fr\/wp-json\/wp\/v2\/pages\/1450\/revisions\/1451"}],"wp:attachment":[{"href":"https:\/\/menaggio.visitlakecomo.info\/fr\/wp-json\/wp\/v2\/media?parent=1450"}],"curies":[{"name":"wp","href":"https:\/\/api.w.org\/{rel}","templated":true}]}}