{"id":1452,"date":"2025-04-15T13:53:17","date_gmt":"2025-04-15T13:53:17","guid":{"rendered":"https:\/\/menaggio.visitlakecomo.info\/evenements"},"modified":"2025-06-23T14:46:46","modified_gmt":"2025-06-23T14:46:46","slug":"evenements","status":"publish","type":"page","link":"https:\/\/menaggio.visitlakecomo.info\/fr\/evenements","title":{"rendered":"\u00c9v\u00e9nements"},"content":{"rendered":"<p><b>Festivals<\/b> de musique, f\u00eates traditionnelles, <b>march\u00e9s, visites<\/b> et <b>balades<\/b> nature : d\u00e9couvrez la riche programmation d\u2019<b>\u00e9v\u00e9nements \u00e0 Menaggio.<\/b><\/p>","protected":false},"excerpt":{"rendered":"<p>Festivals de musique, f\u00eates traditionnelles, march\u00e9s, visites et balades nature : d\u00e9couvrez la riche programmation d\u2019\u00e9v\u00e9nements \u00e0 Menaggio.<\/p>\n","protected":false},"author":1,"featured_media":0,"parent":0,"menu_order":0,"comment_status":"closed","ping_status":"closed","template":"page-templates\/lista_eventi.php","meta":{"_acf_changed":false,"inline_featured_image":false,"footnotes":""},"class_list":["post-1452","page","type-page","status-publish","hentry"],"acf":[],"yoast_head":"<!-- This site is optimized with the Yoast SEO plugin v25.2 - https:\/\/yoast.com\/wordpress\/plugins\/seo\/ -->\n<title>\u00c9v\u00e9nements \u00e0 Menaggio - Visit Menaggio.<\/title>\n<meta name=\"description\" content=\"Tous les \u00e9v\u00e9nements \u00e0 Menaggio : festivals de musique, f\u00eates traditionnelles, march\u00e9s, visites et randonn\u00e9es naturalistes\" \/>\n<meta name=\"robots\" content=\"index, follow, max-snippet:-1, max-image-preview:large, max-video-preview:-1\" \/>\n<link rel=\"canonical\" href=\"https:\/\/menaggio.visitlakecomo.info\/fr\/evenements\" \/>\n<meta property=\"og:locale\" content=\"fr_FR\" \/>\n<meta property=\"og:type\" content=\"article\" \/>\n<meta property=\"og:title\" content=\"\u00c9v\u00e9nements \u00e0 Menaggio - Visit Menaggio.\" \/>\n<meta property=\"og:description\" content=\"Tous les \u00e9v\u00e9nements \u00e0 Menaggio : festivals de musique, f\u00eates traditionnelles, march\u00e9s, visites et randonn\u00e9es naturalistes\" \/>\n<meta property=\"og:url\" content=\"https:\/\/menaggio.visitlakecomo.info\/fr\/evenements\" \/>\n<meta property=\"og:site_name\" content=\"Visit Menaggio\" \/>\n<meta property=\"article:modified_time\" content=\"2025-06-23T14:46:46+00:00\" \/>\n<meta name=\"twitter:card\" content=\"summary_large_image\" \/>\n<script type=\"application\/ld+json\" class=\"yoast-schema-graph\">{\"@context\":\"https:\/\/schema.org\",\"@graph\":[{\"@type\":\"WebPage\",\"@id\":\"https:\/\/menaggio.visitlakecomo.info\/fr\/evenements\",\"url\":\"https:\/\/menaggio.visitlakecomo.info\/fr\/evenements\",\"name\":\"\u00c9v\u00e9nements \u00e0 Menaggio - Visit Menaggio.\",\"isPartOf\":{\"@id\":\"https:\/\/menaggio.visitlakecomo.info\/#website\"},\"datePublished\":\"2025-04-15T13:53:17+00:00\",\"dateModified\":\"2025-06-23T14:46:46+00:00\",\"description\":\"Tous les \u00e9v\u00e9nements \u00e0 Menaggio : festivals de musique, f\u00eates traditionnelles, march\u00e9s, visites et randonn\u00e9es naturalistes\",\"breadcrumb\":{\"@id\":\"https:\/\/menaggio.visitlakecomo.info\/fr\/evenements#breadcrumb\"},\"inLanguage\":\"fr-FR\",\"potentialAction\":[{\"@type\":\"ReadAction\",\"target\":[\"https:\/\/menaggio.visitlakecomo.info\/fr\/evenements\"]}]},{\"@type\":\"BreadcrumbList\",\"@id\":\"https:\/\/menaggio.visitlakecomo.info\/fr\/evenements#breadcrumb\",\"itemListElement\":[{\"@type\":\"ListItem\",\"position\":1,\"name\":\"Home\",\"item\":\"https:\/\/menaggio.visitlakecomo.info\/fr\"},{\"@type\":\"ListItem\",\"position\":2,\"name\":\"\u00c9v\u00e9nements\"}]},{\"@type\":\"WebSite\",\"@id\":\"https:\/\/menaggio.visitlakecomo.info\/#website\",\"url\":\"https:\/\/menaggio.visitlakecomo.info\/\",\"name\":\"Visit Menaggio\",\"description\":\"\",\"potentialAction\":[{\"@type\":\"SearchAction\",\"target\":{\"@type\":\"EntryPoint\",\"urlTemplate\":\"https:\/\/menaggio.visitlakecomo.info\/?s={search_term_string}\"},\"query-input\":{\"@type\":\"PropertyValueSpecification\",\"valueRequired\":true,\"valueName\":\"search_term_string\"}}],\"inLanguage\":\"fr-FR\"}]}<\/script>\n<!-- \/ Yoast SEO plugin. -->","yoast_head_json":{"title":"\u00c9v\u00e9nements \u00e0 Menaggio - Visit Menaggio.","description":"Tous les \u00e9v\u00e9nements \u00e0 Menaggio : festivals de musique, f\u00eates traditionnelles, march\u00e9s, visites et randonn\u00e9es naturalistes","robots":{"index":"index","follow":"follow","max-snippet":"max-snippet:-1","max-image-preview":"max-image-preview:large","max-video-preview":"max-video-preview:-1"},"canonical":"https:\/\/menaggio.visitlakecomo.info\/fr\/evenements","og_locale":"fr_FR","og_type":"article","og_title":"\u00c9v\u00e9nements \u00e0 Menaggio - Visit Menaggio.","og_description":"Tous les \u00e9v\u00e9nements \u00e0 Menaggio : festivals de musique, f\u00eates traditionnelles, march\u00e9s, visites et randonn\u00e9es naturalistes","og_url":"https:\/\/menaggio.visitlakecomo.info\/fr\/evenements","og_site_name":"Visit Menaggio","article_modified_time":"2025-06-23T14:46:46+00:00","twitter_card":"summary_large_image","schema":{"@context":"https:\/\/schema.org","@graph":[{"@type":"WebPage","@id":"https:\/\/menaggio.visitlakecomo.info\/fr\/evenements","url":"https:\/\/menaggio.visitlakecomo.info\/fr\/evenements","name":"\u00c9v\u00e9nements \u00e0 Menaggio - Visit Menaggio.","isPartOf":{"@id":"https:\/\/menaggio.visitlakecomo.info\/#website"},"datePublished":"2025-04-15T13:53:17+00:00","dateModified":"2025-06-23T14:46:46+00:00","description":"Tous les \u00e9v\u00e9nements \u00e0 Menaggio : festivals de musique, f\u00eates traditionnelles, march\u00e9s, visites et randonn\u00e9es naturalistes","breadcrumb":{"@id":"https:\/\/menaggio.visitlakecomo.info\/fr\/evenements#breadcrumb"},"inLanguage":"fr-FR","potentialAction":[{"@type":"ReadAction","target":["https:\/\/menaggio.visitlakecomo.info\/fr\/evenements"]}]},{"@type":"BreadcrumbList","@id":"https:\/\/menaggio.visitlakecomo.info\/fr\/evenements#breadcrumb","itemListElement":[{"@type":"ListItem","position":1,"name":"Home","item":"https:\/\/menaggio.visitlakecomo.info\/fr"},{"@type":"ListItem","position":2,"name":"\u00c9v\u00e9nements"}]},{"@type":"WebSite","@id":"https:\/\/menaggio.visitlakecomo.info\/#website","url":"https:\/\/menaggio.visitlakecomo.info\/","name":"Visit Menaggio","description":"","potentialAction":[{"@type":"SearchAction","target":{"@type":"EntryPoint","urlTemplate":"https:\/\/menaggio.visitlakecomo.info\/?s={search_term_string}"},"query-input":{"@type":"PropertyValueSpecification","valueRequired":true,"valueName":"search_term_string"}}],"inLanguage":"fr-FR"}]}},"_links":{"self":[{"href":"https:\/\/menaggio.visitlakecomo.info\/fr\/wp-json\/wp\/v2\/pages\/1452","targetHints":{"allow":["GET"]}}],"collection":[{"href":"https:\/\/menaggio.visitlakecomo.info\/fr\/wp-json\/wp\/v2\/pages"}],"about":[{"href":"https:\/\/menaggio.visitlakecomo.info\/fr\/wp-json\/wp\/v2\/types\/page"}],"author":[{"embeddable":true,"href":"https:\/\/menaggio.visitlakecomo.info\/fr\/wp-json\/wp\/v2\/users\/1"}],"replies":[{"embeddable":true,"href":"https:\/\/menaggio.visitlakecomo.info\/fr\/wp-json\/wp\/v2\/comments?post=1452"}],"version-history":[{"count":1,"href":"https:\/\/menaggio.visitlakecomo.info\/fr\/wp-json\/wp\/v2\/pages\/1452\/revisions"}],"predecessor-version":[{"id":1453,"href":"https:\/\/menaggio.visitlakecomo.info\/fr\/wp-json\/wp\/v2\/pages\/1452\/revisions\/1453"}],"wp:attachment":[{"href":"https:\/\/menaggio.visitlakecomo.info\/fr\/wp-json\/wp\/v2\/media?parent=1452"}],"curies":[{"name":"wp","href":"https:\/\/api.w.org\/{rel}","templated":true}]}}