{"id":1462,"date":"2025-04-16T13:35:15","date_gmt":"2025-04-16T13:35:15","guid":{"rendered":"https:\/\/menaggio.visitlakecomo.info\/entreprises\/gelateries"},"modified":"2025-06-23T14:46:47","modified_gmt":"2025-06-23T14:46:47","slug":"gelateries","status":"publish","type":"page","link":"https:\/\/menaggio.visitlakecomo.info\/fr\/entreprises\/gelateries","title":{"rendered":"G\u00e9lateries"},"content":{"rendered":"<p>Quoi de mieux qu\u2019une bonne glace artisanale en se promenant au bord du lac ? Voici les <b>g\u00e9lateries artisanales de Menaggio<\/b>.<\/p>","protected":false},"excerpt":{"rendered":"<p>Quoi de mieux qu\u2019une bonne glace artisanale en se promenant au bord du lac ? Voici les g\u00e9lateries artisanales de Menaggio.<\/p>\n","protected":false},"author":1,"featured_media":0,"parent":1458,"menu_order":0,"comment_status":"closed","ping_status":"closed","template":"page-templates\/categoria_imprese.php","meta":{"_acf_changed":false,"inline_featured_image":false,"footnotes":""},"class_list":["post-1462","page","type-page","status-publish","hentry"],"acf":[],"yoast_head":"<!-- This site is optimized with the Yoast SEO plugin v25.2 - https:\/\/yoast.com\/wordpress\/plugins\/seo\/ -->\n<title>Les g\u00e9lateries de Menaggio - Visit Menaggio<\/title>\n<meta name=\"description\" content=\"D\u00e9couvrez les saveurs authentiques des glaces artisanales de Menaggio, fra\u00eeches chaque jour.\" \/>\n<meta name=\"robots\" content=\"index, follow, max-snippet:-1, max-image-preview:large, max-video-preview:-1\" \/>\n<link rel=\"canonical\" href=\"https:\/\/menaggio.visitlakecomo.info\/fr\/entreprises\/gelateries\" \/>\n<meta property=\"og:locale\" content=\"fr_FR\" \/>\n<meta property=\"og:type\" content=\"article\" \/>\n<meta property=\"og:title\" content=\"Les g\u00e9lateries de Menaggio - Visit Menaggio\" \/>\n<meta property=\"og:description\" content=\"D\u00e9couvrez les saveurs authentiques des glaces artisanales de Menaggio, fra\u00eeches chaque jour.\" \/>\n<meta property=\"og:url\" content=\"https:\/\/menaggio.visitlakecomo.info\/fr\/entreprises\/gelateries\" \/>\n<meta property=\"og:site_name\" content=\"Visit Menaggio\" \/>\n<meta property=\"article:modified_time\" content=\"2025-06-23T14:46:47+00:00\" \/>\n<meta name=\"twitter:card\" content=\"summary_large_image\" \/>\n<script type=\"application\/ld+json\" class=\"yoast-schema-graph\">{\"@context\":\"https:\/\/schema.org\",\"@graph\":[{\"@type\":\"WebPage\",\"@id\":\"https:\/\/menaggio.visitlakecomo.info\/fr\/entreprises\/gelateries\",\"url\":\"https:\/\/menaggio.visitlakecomo.info\/fr\/entreprises\/gelateries\",\"name\":\"Les g\u00e9lateries de Menaggio - Visit Menaggio\",\"isPartOf\":{\"@id\":\"https:\/\/menaggio.visitlakecomo.info\/#website\"},\"datePublished\":\"2025-04-16T13:35:15+00:00\",\"dateModified\":\"2025-06-23T14:46:47+00:00\",\"description\":\"D\u00e9couvrez les saveurs authentiques des glaces artisanales de Menaggio, fra\u00eeches chaque jour.\",\"breadcrumb\":{\"@id\":\"https:\/\/menaggio.visitlakecomo.info\/fr\/entreprises\/gelateries#breadcrumb\"},\"inLanguage\":\"fr-FR\",\"potentialAction\":[{\"@type\":\"ReadAction\",\"target\":[\"https:\/\/menaggio.visitlakecomo.info\/fr\/entreprises\/gelateries\"]}]},{\"@type\":\"BreadcrumbList\",\"@id\":\"https:\/\/menaggio.visitlakecomo.info\/fr\/entreprises\/gelateries#breadcrumb\",\"itemListElement\":[{\"@type\":\"ListItem\",\"position\":1,\"name\":\"Home\",\"item\":\"https:\/\/menaggio.visitlakecomo.info\/fr\"},{\"@type\":\"ListItem\",\"position\":2,\"name\":\"Entreprises\",\"item\":\"https:\/\/menaggio.visitlakecomo.info\/fr\/entreprises\"},{\"@type\":\"ListItem\",\"position\":3,\"name\":\"G\u00e9lateries\"}]},{\"@type\":\"WebSite\",\"@id\":\"https:\/\/menaggio.visitlakecomo.info\/#website\",\"url\":\"https:\/\/menaggio.visitlakecomo.info\/\",\"name\":\"Visit Menaggio\",\"description\":\"\",\"potentialAction\":[{\"@type\":\"SearchAction\",\"target\":{\"@type\":\"EntryPoint\",\"urlTemplate\":\"https:\/\/menaggio.visitlakecomo.info\/?s={search_term_string}\"},\"query-input\":{\"@type\":\"PropertyValueSpecification\",\"valueRequired\":true,\"valueName\":\"search_term_string\"}}],\"inLanguage\":\"fr-FR\"}]}<\/script>\n<!-- \/ Yoast SEO plugin. -->","yoast_head_json":{"title":"Les g\u00e9lateries de Menaggio - Visit Menaggio","description":"D\u00e9couvrez les saveurs authentiques des glaces artisanales de Menaggio, fra\u00eeches chaque jour.","robots":{"index":"index","follow":"follow","max-snippet":"max-snippet:-1","max-image-preview":"max-image-preview:large","max-video-preview":"max-video-preview:-1"},"canonical":"https:\/\/menaggio.visitlakecomo.info\/fr\/entreprises\/gelateries","og_locale":"fr_FR","og_type":"article","og_title":"Les g\u00e9lateries de Menaggio - Visit Menaggio","og_description":"D\u00e9couvrez les saveurs authentiques des glaces artisanales de Menaggio, fra\u00eeches chaque jour.","og_url":"https:\/\/menaggio.visitlakecomo.info\/fr\/entreprises\/gelateries","og_site_name":"Visit Menaggio","article_modified_time":"2025-06-23T14:46:47+00:00","twitter_card":"summary_large_image","schema":{"@context":"https:\/\/schema.org","@graph":[{"@type":"WebPage","@id":"https:\/\/menaggio.visitlakecomo.info\/fr\/entreprises\/gelateries","url":"https:\/\/menaggio.visitlakecomo.info\/fr\/entreprises\/gelateries","name":"Les g\u00e9lateries de Menaggio - Visit Menaggio","isPartOf":{"@id":"https:\/\/menaggio.visitlakecomo.info\/#website"},"datePublished":"2025-04-16T13:35:15+00:00","dateModified":"2025-06-23T14:46:47+00:00","description":"D\u00e9couvrez les saveurs authentiques des glaces artisanales de Menaggio, fra\u00eeches chaque jour.","breadcrumb":{"@id":"https:\/\/menaggio.visitlakecomo.info\/fr\/entreprises\/gelateries#breadcrumb"},"inLanguage":"fr-FR","potentialAction":[{"@type":"ReadAction","target":["https:\/\/menaggio.visitlakecomo.info\/fr\/entreprises\/gelateries"]}]},{"@type":"BreadcrumbList","@id":"https:\/\/menaggio.visitlakecomo.info\/fr\/entreprises\/gelateries#breadcrumb","itemListElement":[{"@type":"ListItem","position":1,"name":"Home","item":"https:\/\/menaggio.visitlakecomo.info\/fr"},{"@type":"ListItem","position":2,"name":"Entreprises","item":"https:\/\/menaggio.visitlakecomo.info\/fr\/entreprises"},{"@type":"ListItem","position":3,"name":"G\u00e9lateries"}]},{"@type":"WebSite","@id":"https:\/\/menaggio.visitlakecomo.info\/#website","url":"https:\/\/menaggio.visitlakecomo.info\/","name":"Visit Menaggio","description":"","potentialAction":[{"@type":"SearchAction","target":{"@type":"EntryPoint","urlTemplate":"https:\/\/menaggio.visitlakecomo.info\/?s={search_term_string}"},"query-input":{"@type":"PropertyValueSpecification","valueRequired":true,"valueName":"search_term_string"}}],"inLanguage":"fr-FR"}]}},"_links":{"self":[{"href":"https:\/\/menaggio.visitlakecomo.info\/fr\/wp-json\/wp\/v2\/pages\/1462","targetHints":{"allow":["GET"]}}],"collection":[{"href":"https:\/\/menaggio.visitlakecomo.info\/fr\/wp-json\/wp\/v2\/pages"}],"about":[{"href":"https:\/\/menaggio.visitlakecomo.info\/fr\/wp-json\/wp\/v2\/types\/page"}],"author":[{"embeddable":true,"href":"https:\/\/menaggio.visitlakecomo.info\/fr\/wp-json\/wp\/v2\/users\/1"}],"replies":[{"embeddable":true,"href":"https:\/\/menaggio.visitlakecomo.info\/fr\/wp-json\/wp\/v2\/comments?post=1462"}],"version-history":[{"count":1,"href":"https:\/\/menaggio.visitlakecomo.info\/fr\/wp-json\/wp\/v2\/pages\/1462\/revisions"}],"predecessor-version":[{"id":1463,"href":"https:\/\/menaggio.visitlakecomo.info\/fr\/wp-json\/wp\/v2\/pages\/1462\/revisions\/1463"}],"up":[{"embeddable":true,"href":"https:\/\/menaggio.visitlakecomo.info\/fr\/wp-json\/wp\/v2\/pages\/1458"}],"wp:attachment":[{"href":"https:\/\/menaggio.visitlakecomo.info\/fr\/wp-json\/wp\/v2\/media?parent=1462"}],"curies":[{"name":"wp","href":"https:\/\/api.w.org\/{rel}","templated":true}]}}