{"id":1468,"date":"2025-04-16T13:37:22","date_gmt":"2025-04-16T13:37:22","guid":{"rendered":"https:\/\/menaggio.visitlakecomo.info\/entreprises\/art-et-artisanat"},"modified":"2025-06-23T14:46:47","modified_gmt":"2025-06-23T14:46:47","slug":"art-et-artisanat","status":"publish","type":"page","link":"https:\/\/menaggio.visitlakecomo.info\/fr\/entreprises\/art-et-artisanat","title":{"rendered":"Art et artisanat"},"content":{"rendered":"<p>\u00c0 la recherche de pi\u00e8ces uniques et d\u2019objets <b>artisanaux \u00e0 Menaggio<\/b> ? D\u00e9couvrez les <b>galeries d\u2019art<\/b> et boutiques sp\u00e9cialis\u00e9es au bord du <b>lac de C\u00f4me.<\/b><\/p>","protected":false},"excerpt":{"rendered":"<p>\u00c0 la recherche de pi\u00e8ces uniques et d\u2019objets artisanaux \u00e0 Menaggio ? D\u00e9couvrez les galeries d\u2019art et boutiques sp\u00e9cialis\u00e9es au bord du lac de C\u00f4me.<\/p>\n","protected":false},"author":1,"featured_media":0,"parent":1458,"menu_order":0,"comment_status":"closed","ping_status":"closed","template":"page-templates\/categoria_imprese.php","meta":{"_acf_changed":false,"inline_featured_image":false,"footnotes":""},"class_list":["post-1468","page","type-page","status-publish","hentry"],"acf":[],"yoast_head":"<!-- This site is optimized with the Yoast SEO plugin v25.2 - https:\/\/yoast.com\/wordpress\/plugins\/seo\/ -->\n<title>Galeries d\u2019art et artisanat \u00e0 Menaggio - Visit Menaggio<\/title>\n<meta name=\"description\" content=\"D\u00e9couvrez les galeries d\u2019art et les meilleures boutiques d\u2019artisanat et de restauration \u00e0 Menaggio.\" \/>\n<meta name=\"robots\" content=\"index, follow, max-snippet:-1, max-image-preview:large, max-video-preview:-1\" \/>\n<link rel=\"canonical\" href=\"https:\/\/menaggio.visitlakecomo.info\/fr\/entreprises\/art-et-artisanat\" \/>\n<meta property=\"og:locale\" content=\"fr_FR\" \/>\n<meta property=\"og:type\" content=\"article\" \/>\n<meta property=\"og:title\" content=\"Galeries d\u2019art et artisanat \u00e0 Menaggio - Visit Menaggio\" \/>\n<meta property=\"og:description\" content=\"D\u00e9couvrez les galeries d\u2019art et les meilleures boutiques d\u2019artisanat et de restauration \u00e0 Menaggio.\" \/>\n<meta property=\"og:url\" content=\"https:\/\/menaggio.visitlakecomo.info\/fr\/entreprises\/art-et-artisanat\" \/>\n<meta property=\"og:site_name\" content=\"Visit Menaggio\" \/>\n<meta property=\"article:modified_time\" content=\"2025-06-23T14:46:47+00:00\" \/>\n<meta name=\"twitter:card\" content=\"summary_large_image\" \/>\n<script type=\"application\/ld+json\" class=\"yoast-schema-graph\">{\"@context\":\"https:\/\/schema.org\",\"@graph\":[{\"@type\":\"WebPage\",\"@id\":\"https:\/\/menaggio.visitlakecomo.info\/fr\/entreprises\/art-et-artisanat\",\"url\":\"https:\/\/menaggio.visitlakecomo.info\/fr\/entreprises\/art-et-artisanat\",\"name\":\"Galeries d\u2019art et artisanat \u00e0 Menaggio - Visit Menaggio\",\"isPartOf\":{\"@id\":\"https:\/\/menaggio.visitlakecomo.info\/#website\"},\"datePublished\":\"2025-04-16T13:37:22+00:00\",\"dateModified\":\"2025-06-23T14:46:47+00:00\",\"description\":\"D\u00e9couvrez les galeries d\u2019art et les meilleures boutiques d\u2019artisanat et de restauration \u00e0 Menaggio.\",\"breadcrumb\":{\"@id\":\"https:\/\/menaggio.visitlakecomo.info\/fr\/entreprises\/art-et-artisanat#breadcrumb\"},\"inLanguage\":\"fr-FR\",\"potentialAction\":[{\"@type\":\"ReadAction\",\"target\":[\"https:\/\/menaggio.visitlakecomo.info\/fr\/entreprises\/art-et-artisanat\"]}]},{\"@type\":\"BreadcrumbList\",\"@id\":\"https:\/\/menaggio.visitlakecomo.info\/fr\/entreprises\/art-et-artisanat#breadcrumb\",\"itemListElement\":[{\"@type\":\"ListItem\",\"position\":1,\"name\":\"Home\",\"item\":\"https:\/\/menaggio.visitlakecomo.info\/fr\"},{\"@type\":\"ListItem\",\"position\":2,\"name\":\"Entreprises\",\"item\":\"https:\/\/menaggio.visitlakecomo.info\/fr\/entreprises\"},{\"@type\":\"ListItem\",\"position\":3,\"name\":\"Art et artisanat\"}]},{\"@type\":\"WebSite\",\"@id\":\"https:\/\/menaggio.visitlakecomo.info\/#website\",\"url\":\"https:\/\/menaggio.visitlakecomo.info\/\",\"name\":\"Visit Menaggio\",\"description\":\"\",\"potentialAction\":[{\"@type\":\"SearchAction\",\"target\":{\"@type\":\"EntryPoint\",\"urlTemplate\":\"https:\/\/menaggio.visitlakecomo.info\/?s={search_term_string}\"},\"query-input\":{\"@type\":\"PropertyValueSpecification\",\"valueRequired\":true,\"valueName\":\"search_term_string\"}}],\"inLanguage\":\"fr-FR\"}]}<\/script>\n<!-- \/ Yoast SEO plugin. -->","yoast_head_json":{"title":"Galeries d\u2019art et artisanat \u00e0 Menaggio - Visit Menaggio","description":"D\u00e9couvrez les galeries d\u2019art et les meilleures boutiques d\u2019artisanat et de restauration \u00e0 Menaggio.","robots":{"index":"index","follow":"follow","max-snippet":"max-snippet:-1","max-image-preview":"max-image-preview:large","max-video-preview":"max-video-preview:-1"},"canonical":"https:\/\/menaggio.visitlakecomo.info\/fr\/entreprises\/art-et-artisanat","og_locale":"fr_FR","og_type":"article","og_title":"Galeries d\u2019art et artisanat \u00e0 Menaggio - Visit Menaggio","og_description":"D\u00e9couvrez les galeries d\u2019art et les meilleures boutiques d\u2019artisanat et de restauration \u00e0 Menaggio.","og_url":"https:\/\/menaggio.visitlakecomo.info\/fr\/entreprises\/art-et-artisanat","og_site_name":"Visit Menaggio","article_modified_time":"2025-06-23T14:46:47+00:00","twitter_card":"summary_large_image","schema":{"@context":"https:\/\/schema.org","@graph":[{"@type":"WebPage","@id":"https:\/\/menaggio.visitlakecomo.info\/fr\/entreprises\/art-et-artisanat","url":"https:\/\/menaggio.visitlakecomo.info\/fr\/entreprises\/art-et-artisanat","name":"Galeries d\u2019art et artisanat \u00e0 Menaggio - Visit Menaggio","isPartOf":{"@id":"https:\/\/menaggio.visitlakecomo.info\/#website"},"datePublished":"2025-04-16T13:37:22+00:00","dateModified":"2025-06-23T14:46:47+00:00","description":"D\u00e9couvrez les galeries d\u2019art et les meilleures boutiques d\u2019artisanat et de restauration \u00e0 Menaggio.","breadcrumb":{"@id":"https:\/\/menaggio.visitlakecomo.info\/fr\/entreprises\/art-et-artisanat#breadcrumb"},"inLanguage":"fr-FR","potentialAction":[{"@type":"ReadAction","target":["https:\/\/menaggio.visitlakecomo.info\/fr\/entreprises\/art-et-artisanat"]}]},{"@type":"BreadcrumbList","@id":"https:\/\/menaggio.visitlakecomo.info\/fr\/entreprises\/art-et-artisanat#breadcrumb","itemListElement":[{"@type":"ListItem","position":1,"name":"Home","item":"https:\/\/menaggio.visitlakecomo.info\/fr"},{"@type":"ListItem","position":2,"name":"Entreprises","item":"https:\/\/menaggio.visitlakecomo.info\/fr\/entreprises"},{"@type":"ListItem","position":3,"name":"Art et artisanat"}]},{"@type":"WebSite","@id":"https:\/\/menaggio.visitlakecomo.info\/#website","url":"https:\/\/menaggio.visitlakecomo.info\/","name":"Visit Menaggio","description":"","potentialAction":[{"@type":"SearchAction","target":{"@type":"EntryPoint","urlTemplate":"https:\/\/menaggio.visitlakecomo.info\/?s={search_term_string}"},"query-input":{"@type":"PropertyValueSpecification","valueRequired":true,"valueName":"search_term_string"}}],"inLanguage":"fr-FR"}]}},"_links":{"self":[{"href":"https:\/\/menaggio.visitlakecomo.info\/fr\/wp-json\/wp\/v2\/pages\/1468","targetHints":{"allow":["GET"]}}],"collection":[{"href":"https:\/\/menaggio.visitlakecomo.info\/fr\/wp-json\/wp\/v2\/pages"}],"about":[{"href":"https:\/\/menaggio.visitlakecomo.info\/fr\/wp-json\/wp\/v2\/types\/page"}],"author":[{"embeddable":true,"href":"https:\/\/menaggio.visitlakecomo.info\/fr\/wp-json\/wp\/v2\/users\/1"}],"replies":[{"embeddable":true,"href":"https:\/\/menaggio.visitlakecomo.info\/fr\/wp-json\/wp\/v2\/comments?post=1468"}],"version-history":[{"count":1,"href":"https:\/\/menaggio.visitlakecomo.info\/fr\/wp-json\/wp\/v2\/pages\/1468\/revisions"}],"predecessor-version":[{"id":1469,"href":"https:\/\/menaggio.visitlakecomo.info\/fr\/wp-json\/wp\/v2\/pages\/1468\/revisions\/1469"}],"up":[{"embeddable":true,"href":"https:\/\/menaggio.visitlakecomo.info\/fr\/wp-json\/wp\/v2\/pages\/1458"}],"wp:attachment":[{"href":"https:\/\/menaggio.visitlakecomo.info\/fr\/wp-json\/wp\/v2\/media?parent=1468"}],"curies":[{"name":"wp","href":"https:\/\/api.w.org\/{rel}","templated":true}]}}