{"id":1472,"date":"2025-04-16T13:39:22","date_gmt":"2025-04-16T13:39:22","guid":{"rendered":"https:\/\/menaggio.visitlakecomo.info\/entreprises\/restaurants"},"modified":"2025-06-23T14:46:47","modified_gmt":"2025-06-23T14:46:47","slug":"restaurants","status":"publish","type":"page","link":"https:\/\/menaggio.visitlakecomo.info\/fr\/entreprises\/restaurants","title":{"rendered":"Restaurants"},"content":{"rendered":"<p>Les <b>restaurants o\u00f9 savourer la cuisine locale \u00e0 Menaggio<\/b>, certains avec vue panoramique sur le lac de C\u00f4me.<\/p>","protected":false},"excerpt":{"rendered":"<p>Les restaurants o\u00f9 savourer la cuisine locale \u00e0 Menaggio, certains avec vue panoramique sur le lac de C\u00f4me.<\/p>\n","protected":false},"author":1,"featured_media":0,"parent":1458,"menu_order":0,"comment_status":"closed","ping_status":"closed","template":"page-templates\/categoria_imprese.php","meta":{"_acf_changed":false,"inline_featured_image":false,"footnotes":""},"class_list":["post-1472","page","type-page","status-publish","hentry"],"acf":[],"yoast_head":"<!-- This site is optimized with the Yoast SEO plugin v25.2 - https:\/\/yoast.com\/wordpress\/plugins\/seo\/ -->\n<title>Restaurants \u00e0 Menaggio - Visit Menaggio<\/title>\n<meta name=\"description\" content=\"O\u00f9 manger \u00e0 Menaggio avec vue sur le lac : d\u00e9couvrez les meilleurs restaurants.\" \/>\n<meta name=\"robots\" content=\"index, follow, max-snippet:-1, max-image-preview:large, max-video-preview:-1\" \/>\n<link rel=\"canonical\" href=\"https:\/\/menaggio.visitlakecomo.info\/fr\/entreprises\/restaurants\" \/>\n<meta property=\"og:locale\" content=\"fr_FR\" \/>\n<meta property=\"og:type\" content=\"article\" \/>\n<meta property=\"og:title\" content=\"Restaurants \u00e0 Menaggio - Visit Menaggio\" \/>\n<meta property=\"og:description\" content=\"O\u00f9 manger \u00e0 Menaggio avec vue sur le lac : d\u00e9couvrez les meilleurs restaurants.\" \/>\n<meta property=\"og:url\" content=\"https:\/\/menaggio.visitlakecomo.info\/fr\/entreprises\/restaurants\" \/>\n<meta property=\"og:site_name\" content=\"Visit Menaggio\" \/>\n<meta property=\"article:modified_time\" content=\"2025-06-23T14:46:47+00:00\" \/>\n<meta name=\"twitter:card\" content=\"summary_large_image\" \/>\n<script type=\"application\/ld+json\" class=\"yoast-schema-graph\">{\"@context\":\"https:\/\/schema.org\",\"@graph\":[{\"@type\":\"WebPage\",\"@id\":\"https:\/\/menaggio.visitlakecomo.info\/fr\/entreprises\/restaurants\",\"url\":\"https:\/\/menaggio.visitlakecomo.info\/fr\/entreprises\/restaurants\",\"name\":\"Restaurants \u00e0 Menaggio - Visit Menaggio\",\"isPartOf\":{\"@id\":\"https:\/\/menaggio.visitlakecomo.info\/#website\"},\"datePublished\":\"2025-04-16T13:39:22+00:00\",\"dateModified\":\"2025-06-23T14:46:47+00:00\",\"description\":\"O\u00f9 manger \u00e0 Menaggio avec vue sur le lac : d\u00e9couvrez les meilleurs restaurants.\",\"breadcrumb\":{\"@id\":\"https:\/\/menaggio.visitlakecomo.info\/fr\/entreprises\/restaurants#breadcrumb\"},\"inLanguage\":\"fr-FR\",\"potentialAction\":[{\"@type\":\"ReadAction\",\"target\":[\"https:\/\/menaggio.visitlakecomo.info\/fr\/entreprises\/restaurants\"]}]},{\"@type\":\"BreadcrumbList\",\"@id\":\"https:\/\/menaggio.visitlakecomo.info\/fr\/entreprises\/restaurants#breadcrumb\",\"itemListElement\":[{\"@type\":\"ListItem\",\"position\":1,\"name\":\"Home\",\"item\":\"https:\/\/menaggio.visitlakecomo.info\/fr\"},{\"@type\":\"ListItem\",\"position\":2,\"name\":\"Entreprises\",\"item\":\"https:\/\/menaggio.visitlakecomo.info\/fr\/entreprises\"},{\"@type\":\"ListItem\",\"position\":3,\"name\":\"Restaurants\"}]},{\"@type\":\"WebSite\",\"@id\":\"https:\/\/menaggio.visitlakecomo.info\/#website\",\"url\":\"https:\/\/menaggio.visitlakecomo.info\/\",\"name\":\"Visit Menaggio\",\"description\":\"\",\"potentialAction\":[{\"@type\":\"SearchAction\",\"target\":{\"@type\":\"EntryPoint\",\"urlTemplate\":\"https:\/\/menaggio.visitlakecomo.info\/?s={search_term_string}\"},\"query-input\":{\"@type\":\"PropertyValueSpecification\",\"valueRequired\":true,\"valueName\":\"search_term_string\"}}],\"inLanguage\":\"fr-FR\"}]}<\/script>\n<!-- \/ Yoast SEO plugin. -->","yoast_head_json":{"title":"Restaurants \u00e0 Menaggio - Visit Menaggio","description":"O\u00f9 manger \u00e0 Menaggio avec vue sur le lac : d\u00e9couvrez les meilleurs restaurants.","robots":{"index":"index","follow":"follow","max-snippet":"max-snippet:-1","max-image-preview":"max-image-preview:large","max-video-preview":"max-video-preview:-1"},"canonical":"https:\/\/menaggio.visitlakecomo.info\/fr\/entreprises\/restaurants","og_locale":"fr_FR","og_type":"article","og_title":"Restaurants \u00e0 Menaggio - Visit Menaggio","og_description":"O\u00f9 manger \u00e0 Menaggio avec vue sur le lac : d\u00e9couvrez les meilleurs restaurants.","og_url":"https:\/\/menaggio.visitlakecomo.info\/fr\/entreprises\/restaurants","og_site_name":"Visit Menaggio","article_modified_time":"2025-06-23T14:46:47+00:00","twitter_card":"summary_large_image","schema":{"@context":"https:\/\/schema.org","@graph":[{"@type":"WebPage","@id":"https:\/\/menaggio.visitlakecomo.info\/fr\/entreprises\/restaurants","url":"https:\/\/menaggio.visitlakecomo.info\/fr\/entreprises\/restaurants","name":"Restaurants \u00e0 Menaggio - Visit Menaggio","isPartOf":{"@id":"https:\/\/menaggio.visitlakecomo.info\/#website"},"datePublished":"2025-04-16T13:39:22+00:00","dateModified":"2025-06-23T14:46:47+00:00","description":"O\u00f9 manger \u00e0 Menaggio avec vue sur le lac : d\u00e9couvrez les meilleurs restaurants.","breadcrumb":{"@id":"https:\/\/menaggio.visitlakecomo.info\/fr\/entreprises\/restaurants#breadcrumb"},"inLanguage":"fr-FR","potentialAction":[{"@type":"ReadAction","target":["https:\/\/menaggio.visitlakecomo.info\/fr\/entreprises\/restaurants"]}]},{"@type":"BreadcrumbList","@id":"https:\/\/menaggio.visitlakecomo.info\/fr\/entreprises\/restaurants#breadcrumb","itemListElement":[{"@type":"ListItem","position":1,"name":"Home","item":"https:\/\/menaggio.visitlakecomo.info\/fr"},{"@type":"ListItem","position":2,"name":"Entreprises","item":"https:\/\/menaggio.visitlakecomo.info\/fr\/entreprises"},{"@type":"ListItem","position":3,"name":"Restaurants"}]},{"@type":"WebSite","@id":"https:\/\/menaggio.visitlakecomo.info\/#website","url":"https:\/\/menaggio.visitlakecomo.info\/","name":"Visit Menaggio","description":"","potentialAction":[{"@type":"SearchAction","target":{"@type":"EntryPoint","urlTemplate":"https:\/\/menaggio.visitlakecomo.info\/?s={search_term_string}"},"query-input":{"@type":"PropertyValueSpecification","valueRequired":true,"valueName":"search_term_string"}}],"inLanguage":"fr-FR"}]}},"_links":{"self":[{"href":"https:\/\/menaggio.visitlakecomo.info\/fr\/wp-json\/wp\/v2\/pages\/1472","targetHints":{"allow":["GET"]}}],"collection":[{"href":"https:\/\/menaggio.visitlakecomo.info\/fr\/wp-json\/wp\/v2\/pages"}],"about":[{"href":"https:\/\/menaggio.visitlakecomo.info\/fr\/wp-json\/wp\/v2\/types\/page"}],"author":[{"embeddable":true,"href":"https:\/\/menaggio.visitlakecomo.info\/fr\/wp-json\/wp\/v2\/users\/1"}],"replies":[{"embeddable":true,"href":"https:\/\/menaggio.visitlakecomo.info\/fr\/wp-json\/wp\/v2\/comments?post=1472"}],"version-history":[{"count":1,"href":"https:\/\/menaggio.visitlakecomo.info\/fr\/wp-json\/wp\/v2\/pages\/1472\/revisions"}],"predecessor-version":[{"id":1473,"href":"https:\/\/menaggio.visitlakecomo.info\/fr\/wp-json\/wp\/v2\/pages\/1472\/revisions\/1473"}],"up":[{"embeddable":true,"href":"https:\/\/menaggio.visitlakecomo.info\/fr\/wp-json\/wp\/v2\/pages\/1458"}],"wp:attachment":[{"href":"https:\/\/menaggio.visitlakecomo.info\/fr\/wp-json\/wp\/v2\/media?parent=1472"}],"curies":[{"name":"wp","href":"https:\/\/api.w.org\/{rel}","templated":true}]}}