{"id":1478,"date":"2025-05-20T08:48:09","date_gmt":"2025-05-20T08:48:09","guid":{"rendered":"https:\/\/menaggio.visitlakecomo.info\/territoire\/eglise-san-stefano"},"modified":"2025-06-23T14:46:47","modified_gmt":"2025-06-23T14:46:47","slug":"eglise-san-stefano","status":"publish","type":"page","link":"https:\/\/menaggio.visitlakecomo.info\/fr\/territoire\/eglise-san-stefano","title":{"rendered":"\u00c9glise San Stefano"},"content":{"rendered":"<p>Au c\u0153ur du village de Menaggio, l\u2019\u00e9glise San Stefano \u2014ouverte tous les jours\u2014 est un lieu de culte d\u2019origine tr\u00e8s ancienne.<\/p><p>Elle fut construite \u00e0 partir de 1618 sur les vestiges d\u2019une ancienne \u00e9glise romane, avec une orientation inverse \u00e0 celle de l\u2019\u00e9difice d\u2019origine.<\/p>","protected":false},"excerpt":{"rendered":"<p>Au c\u0153ur du village de Menaggio, l\u2019\u00e9glise San Stefano \u2014ouverte tous les jours\u2014 est un lieu de culte d\u2019origine tr\u00e8s ancienne. Elle fut construite \u00e0 partir de 1618 sur les vestiges d\u2019une ancienne \u00e9glise romane, avec une orientation inverse \u00e0 celle de l\u2019\u00e9difice d\u2019origine.<\/p>\n","protected":false},"author":1,"featured_media":0,"parent":1450,"menu_order":0,"comment_status":"closed","ping_status":"closed","template":"page-templates\/pagina_box.php","meta":{"_acf_changed":false,"inline_featured_image":false,"footnotes":""},"class_list":["post-1478","page","type-page","status-publish","hentry"],"acf":[],"yoast_head":"<!-- This site is optimized with the Yoast SEO plugin v25.2 - https:\/\/yoast.com\/wordpress\/plugins\/seo\/ -->\n<title>\u00c9glise San Stefano \u00e0 Menaggio : histoire et fresques<\/title>\n<meta name=\"description\" content=\"D\u00e9couvrez l\u2019\u00e9glise San Stefano \u00e0 Menaggio : \u00e9difice du XVII\u1d49 si\u00e8cle avec fresques et clocher historique.\" \/>\n<meta name=\"robots\" content=\"index, follow, max-snippet:-1, max-image-preview:large, max-video-preview:-1\" \/>\n<link rel=\"canonical\" href=\"https:\/\/menaggio.visitlakecomo.info\/fr\/territoire\/eglise-san-stefano\" \/>\n<meta property=\"og:locale\" content=\"fr_FR\" \/>\n<meta property=\"og:type\" content=\"article\" \/>\n<meta property=\"og:title\" content=\"\u00c9glise San Stefano \u00e0 Menaggio : histoire et fresques\" \/>\n<meta property=\"og:description\" content=\"D\u00e9couvrez l\u2019\u00e9glise San Stefano \u00e0 Menaggio : \u00e9difice du XVII\u1d49 si\u00e8cle avec fresques et clocher historique.\" \/>\n<meta property=\"og:url\" content=\"https:\/\/menaggio.visitlakecomo.info\/fr\/territoire\/eglise-san-stefano\" \/>\n<meta property=\"og:site_name\" content=\"Visit Menaggio\" \/>\n<meta property=\"article:modified_time\" content=\"2025-06-23T14:46:47+00:00\" \/>\n<meta name=\"twitter:card\" content=\"summary_large_image\" \/>\n<script type=\"application\/ld+json\" class=\"yoast-schema-graph\">{\"@context\":\"https:\/\/schema.org\",\"@graph\":[{\"@type\":\"WebPage\",\"@id\":\"https:\/\/menaggio.visitlakecomo.info\/fr\/territoire\/eglise-san-stefano\",\"url\":\"https:\/\/menaggio.visitlakecomo.info\/fr\/territoire\/eglise-san-stefano\",\"name\":\"\u00c9glise San Stefano \u00e0 Menaggio : histoire et fresques\",\"isPartOf\":{\"@id\":\"https:\/\/menaggio.visitlakecomo.info\/#website\"},\"datePublished\":\"2025-05-20T08:48:09+00:00\",\"dateModified\":\"2025-06-23T14:46:47+00:00\",\"description\":\"D\u00e9couvrez l\u2019\u00e9glise San Stefano \u00e0 Menaggio : \u00e9difice du XVII\u1d49 si\u00e8cle avec fresques et clocher historique.\",\"breadcrumb\":{\"@id\":\"https:\/\/menaggio.visitlakecomo.info\/fr\/territoire\/eglise-san-stefano#breadcrumb\"},\"inLanguage\":\"fr-FR\",\"potentialAction\":[{\"@type\":\"ReadAction\",\"target\":[\"https:\/\/menaggio.visitlakecomo.info\/fr\/territoire\/eglise-san-stefano\"]}]},{\"@type\":\"BreadcrumbList\",\"@id\":\"https:\/\/menaggio.visitlakecomo.info\/fr\/territoire\/eglise-san-stefano#breadcrumb\",\"itemListElement\":[{\"@type\":\"ListItem\",\"position\":1,\"name\":\"Home\",\"item\":\"https:\/\/menaggio.visitlakecomo.info\/fr\"},{\"@type\":\"ListItem\",\"position\":2,\"name\":\"Territoire\",\"item\":\"https:\/\/menaggio.visitlakecomo.info\/fr\/territoire\"},{\"@type\":\"ListItem\",\"position\":3,\"name\":\"\u00c9glise San Stefano\"}]},{\"@type\":\"WebSite\",\"@id\":\"https:\/\/menaggio.visitlakecomo.info\/#website\",\"url\":\"https:\/\/menaggio.visitlakecomo.info\/\",\"name\":\"Visit Menaggio\",\"description\":\"\",\"potentialAction\":[{\"@type\":\"SearchAction\",\"target\":{\"@type\":\"EntryPoint\",\"urlTemplate\":\"https:\/\/menaggio.visitlakecomo.info\/?s={search_term_string}\"},\"query-input\":{\"@type\":\"PropertyValueSpecification\",\"valueRequired\":true,\"valueName\":\"search_term_string\"}}],\"inLanguage\":\"fr-FR\"}]}<\/script>\n<!-- \/ Yoast SEO plugin. -->","yoast_head_json":{"title":"\u00c9glise San Stefano \u00e0 Menaggio : histoire et fresques","description":"D\u00e9couvrez l\u2019\u00e9glise San Stefano \u00e0 Menaggio : \u00e9difice du XVII\u1d49 si\u00e8cle avec fresques et clocher historique.","robots":{"index":"index","follow":"follow","max-snippet":"max-snippet:-1","max-image-preview":"max-image-preview:large","max-video-preview":"max-video-preview:-1"},"canonical":"https:\/\/menaggio.visitlakecomo.info\/fr\/territoire\/eglise-san-stefano","og_locale":"fr_FR","og_type":"article","og_title":"\u00c9glise San Stefano \u00e0 Menaggio : histoire et fresques","og_description":"D\u00e9couvrez l\u2019\u00e9glise San Stefano \u00e0 Menaggio : \u00e9difice du XVII\u1d49 si\u00e8cle avec fresques et clocher historique.","og_url":"https:\/\/menaggio.visitlakecomo.info\/fr\/territoire\/eglise-san-stefano","og_site_name":"Visit Menaggio","article_modified_time":"2025-06-23T14:46:47+00:00","twitter_card":"summary_large_image","schema":{"@context":"https:\/\/schema.org","@graph":[{"@type":"WebPage","@id":"https:\/\/menaggio.visitlakecomo.info\/fr\/territoire\/eglise-san-stefano","url":"https:\/\/menaggio.visitlakecomo.info\/fr\/territoire\/eglise-san-stefano","name":"\u00c9glise San Stefano \u00e0 Menaggio : histoire et fresques","isPartOf":{"@id":"https:\/\/menaggio.visitlakecomo.info\/#website"},"datePublished":"2025-05-20T08:48:09+00:00","dateModified":"2025-06-23T14:46:47+00:00","description":"D\u00e9couvrez l\u2019\u00e9glise San Stefano \u00e0 Menaggio : \u00e9difice du XVII\u1d49 si\u00e8cle avec fresques et clocher historique.","breadcrumb":{"@id":"https:\/\/menaggio.visitlakecomo.info\/fr\/territoire\/eglise-san-stefano#breadcrumb"},"inLanguage":"fr-FR","potentialAction":[{"@type":"ReadAction","target":["https:\/\/menaggio.visitlakecomo.info\/fr\/territoire\/eglise-san-stefano"]}]},{"@type":"BreadcrumbList","@id":"https:\/\/menaggio.visitlakecomo.info\/fr\/territoire\/eglise-san-stefano#breadcrumb","itemListElement":[{"@type":"ListItem","position":1,"name":"Home","item":"https:\/\/menaggio.visitlakecomo.info\/fr"},{"@type":"ListItem","position":2,"name":"Territoire","item":"https:\/\/menaggio.visitlakecomo.info\/fr\/territoire"},{"@type":"ListItem","position":3,"name":"\u00c9glise San Stefano"}]},{"@type":"WebSite","@id":"https:\/\/menaggio.visitlakecomo.info\/#website","url":"https:\/\/menaggio.visitlakecomo.info\/","name":"Visit Menaggio","description":"","potentialAction":[{"@type":"SearchAction","target":{"@type":"EntryPoint","urlTemplate":"https:\/\/menaggio.visitlakecomo.info\/?s={search_term_string}"},"query-input":{"@type":"PropertyValueSpecification","valueRequired":true,"valueName":"search_term_string"}}],"inLanguage":"fr-FR"}]}},"_links":{"self":[{"href":"https:\/\/menaggio.visitlakecomo.info\/fr\/wp-json\/wp\/v2\/pages\/1478","targetHints":{"allow":["GET"]}}],"collection":[{"href":"https:\/\/menaggio.visitlakecomo.info\/fr\/wp-json\/wp\/v2\/pages"}],"about":[{"href":"https:\/\/menaggio.visitlakecomo.info\/fr\/wp-json\/wp\/v2\/types\/page"}],"author":[{"embeddable":true,"href":"https:\/\/menaggio.visitlakecomo.info\/fr\/wp-json\/wp\/v2\/users\/1"}],"replies":[{"embeddable":true,"href":"https:\/\/menaggio.visitlakecomo.info\/fr\/wp-json\/wp\/v2\/comments?post=1478"}],"version-history":[{"count":1,"href":"https:\/\/menaggio.visitlakecomo.info\/fr\/wp-json\/wp\/v2\/pages\/1478\/revisions"}],"predecessor-version":[{"id":1479,"href":"https:\/\/menaggio.visitlakecomo.info\/fr\/wp-json\/wp\/v2\/pages\/1478\/revisions\/1479"}],"up":[{"embeddable":true,"href":"https:\/\/menaggio.visitlakecomo.info\/fr\/wp-json\/wp\/v2\/pages\/1450"}],"wp:attachment":[{"href":"https:\/\/menaggio.visitlakecomo.info\/fr\/wp-json\/wp\/v2\/media?parent=1478"}],"curies":[{"name":"wp","href":"https:\/\/api.w.org\/{rel}","templated":true}]}}