{"id":1480,"date":"2025-05-26T10:16:38","date_gmt":"2025-05-26T10:16:38","guid":{"rendered":"https:\/\/menaggio.visitlakecomo.info\/territoire\/refuge-menaggio"},"modified":"2025-06-23T14:46:47","modified_gmt":"2025-06-23T14:46:47","slug":"refuge-menaggio","status":"publish","type":"page","link":"https:\/\/menaggio.visitlakecomo.info\/fr\/territoire\/refuge-menaggio","title":{"rendered":"Refuge Menaggio"},"content":{"rendered":"<p>Situ\u00e9 sur le mont Grona, le refuge Menaggio est l\u2019un des sites de randonn\u00e9e les plus appr\u00e9ci\u00e9s de la r\u00e9gion, <b>accessible apr\u00e8s environ une heure de marche<\/b>.<\/p><p>Le panorama, qui s&#039;ouvre \u00e0 360 degr\u00e9s sur le lac et les montagnes, offre une vue jusqu&#039;\u00e0 la Suisse les jours les plus clairs. G\u00e9r\u00e9 en priv\u00e9 et propri\u00e9t\u00e9 du CAI, le refuge accueille les randonneurs en leur offrant une bonne cuisine, des rafra\u00eechissements et des informations utiles sur les sentiers de la r\u00e9gion. <b>Ouvert tous les jours en \u00e9t\u00e9<\/b>, et les week-ends et jours f\u00e9ri\u00e9s le reste de l\u2019ann\u00e9e, c\u2019est le <b>point de d\u00e9part id\u00e9al pour une randonn\u00e9e en altitude.<\/b><\/p>","protected":false},"excerpt":{"rendered":"<p>Situ\u00e9 sur le mont Grona, le refuge Menaggio est l\u2019un des sites de randonn\u00e9e les plus appr\u00e9ci\u00e9s de la r\u00e9gion, accessible apr\u00e8s environ une heure de marche. Le panorama, qui s&#039;ouvre \u00e0 360 degr\u00e9s sur le lac et les montagnes, offre une vue jusqu&#039;\u00e0 la Suisse les jours les plus clairs. G\u00e9r\u00e9 en priv\u00e9 et &hellip;<\/p>\n","protected":false},"author":1,"featured_media":0,"parent":1450,"menu_order":0,"comment_status":"closed","ping_status":"closed","template":"page-templates\/pagina_box.php","meta":{"_acf_changed":false,"inline_featured_image":false,"footnotes":""},"class_list":["post-1480","page","type-page","status-publish","hentry"],"acf":[],"yoast_head":"<!-- This site is optimized with the Yoast SEO plugin v25.2 - https:\/\/yoast.com\/wordpress\/plugins\/seo\/ -->\n<title>Refuge Menaggio : randonn\u00e9es et panoramas sur le lac de C\u00f4me<\/title>\n<meta name=\"description\" content=\"D\u00e9couvrez le refuge Menaggio sur le mont Grona : randonn\u00e9es et vues spectaculaires sur les lacs de C\u00f4me, Piano et Lugano.\" \/>\n<meta name=\"robots\" content=\"index, follow, max-snippet:-1, max-image-preview:large, max-video-preview:-1\" \/>\n<link rel=\"canonical\" href=\"https:\/\/menaggio.visitlakecomo.info\/fr\/territoire\/refuge-menaggio\" \/>\n<meta property=\"og:locale\" content=\"fr_FR\" \/>\n<meta property=\"og:type\" content=\"article\" \/>\n<meta property=\"og:title\" content=\"Refuge Menaggio : randonn\u00e9es et panoramas sur le lac de C\u00f4me\" \/>\n<meta property=\"og:description\" content=\"D\u00e9couvrez le refuge Menaggio sur le mont Grona : randonn\u00e9es et vues spectaculaires sur les lacs de C\u00f4me, Piano et Lugano.\" \/>\n<meta property=\"og:url\" content=\"https:\/\/menaggio.visitlakecomo.info\/fr\/territoire\/refuge-menaggio\" \/>\n<meta property=\"og:site_name\" content=\"Visit Menaggio\" \/>\n<meta property=\"article:modified_time\" content=\"2025-06-23T14:46:47+00:00\" \/>\n<meta name=\"twitter:card\" content=\"summary_large_image\" \/>\n<meta name=\"twitter:label1\" content=\"Dur\u00e9e de lecture estim\u00e9e\" \/>\n\t<meta name=\"twitter:data1\" content=\"1 minute\" \/>\n<script type=\"application\/ld+json\" class=\"yoast-schema-graph\">{\"@context\":\"https:\/\/schema.org\",\"@graph\":[{\"@type\":\"WebPage\",\"@id\":\"https:\/\/menaggio.visitlakecomo.info\/fr\/territoire\/refuge-menaggio\",\"url\":\"https:\/\/menaggio.visitlakecomo.info\/fr\/territoire\/refuge-menaggio\",\"name\":\"Refuge Menaggio : randonn\u00e9es et panoramas sur le lac de C\u00f4me\",\"isPartOf\":{\"@id\":\"https:\/\/menaggio.visitlakecomo.info\/#website\"},\"datePublished\":\"2025-05-26T10:16:38+00:00\",\"dateModified\":\"2025-06-23T14:46:47+00:00\",\"description\":\"D\u00e9couvrez le refuge Menaggio sur le mont Grona : randonn\u00e9es et vues spectaculaires sur les lacs de C\u00f4me, Piano et Lugano.\",\"breadcrumb\":{\"@id\":\"https:\/\/menaggio.visitlakecomo.info\/fr\/territoire\/refuge-menaggio#breadcrumb\"},\"inLanguage\":\"fr-FR\",\"potentialAction\":[{\"@type\":\"ReadAction\",\"target\":[\"https:\/\/menaggio.visitlakecomo.info\/fr\/territoire\/refuge-menaggio\"]}]},{\"@type\":\"BreadcrumbList\",\"@id\":\"https:\/\/menaggio.visitlakecomo.info\/fr\/territoire\/refuge-menaggio#breadcrumb\",\"itemListElement\":[{\"@type\":\"ListItem\",\"position\":1,\"name\":\"Home\",\"item\":\"https:\/\/menaggio.visitlakecomo.info\/fr\"},{\"@type\":\"ListItem\",\"position\":2,\"name\":\"Territoire\",\"item\":\"https:\/\/menaggio.visitlakecomo.info\/fr\/territoire\"},{\"@type\":\"ListItem\",\"position\":3,\"name\":\"Refuge Menaggio\"}]},{\"@type\":\"WebSite\",\"@id\":\"https:\/\/menaggio.visitlakecomo.info\/#website\",\"url\":\"https:\/\/menaggio.visitlakecomo.info\/\",\"name\":\"Visit Menaggio\",\"description\":\"\",\"potentialAction\":[{\"@type\":\"SearchAction\",\"target\":{\"@type\":\"EntryPoint\",\"urlTemplate\":\"https:\/\/menaggio.visitlakecomo.info\/?s={search_term_string}\"},\"query-input\":{\"@type\":\"PropertyValueSpecification\",\"valueRequired\":true,\"valueName\":\"search_term_string\"}}],\"inLanguage\":\"fr-FR\"}]}<\/script>\n<!-- \/ Yoast SEO plugin. -->","yoast_head_json":{"title":"Refuge Menaggio : randonn\u00e9es et panoramas sur le lac de C\u00f4me","description":"D\u00e9couvrez le refuge Menaggio sur le mont Grona : randonn\u00e9es et vues spectaculaires sur les lacs de C\u00f4me, Piano et Lugano.","robots":{"index":"index","follow":"follow","max-snippet":"max-snippet:-1","max-image-preview":"max-image-preview:large","max-video-preview":"max-video-preview:-1"},"canonical":"https:\/\/menaggio.visitlakecomo.info\/fr\/territoire\/refuge-menaggio","og_locale":"fr_FR","og_type":"article","og_title":"Refuge Menaggio : randonn\u00e9es et panoramas sur le lac de C\u00f4me","og_description":"D\u00e9couvrez le refuge Menaggio sur le mont Grona : randonn\u00e9es et vues spectaculaires sur les lacs de C\u00f4me, Piano et Lugano.","og_url":"https:\/\/menaggio.visitlakecomo.info\/fr\/territoire\/refuge-menaggio","og_site_name":"Visit Menaggio","article_modified_time":"2025-06-23T14:46:47+00:00","twitter_card":"summary_large_image","twitter_misc":{"Dur\u00e9e de lecture estim\u00e9e":"1 minute"},"schema":{"@context":"https:\/\/schema.org","@graph":[{"@type":"WebPage","@id":"https:\/\/menaggio.visitlakecomo.info\/fr\/territoire\/refuge-menaggio","url":"https:\/\/menaggio.visitlakecomo.info\/fr\/territoire\/refuge-menaggio","name":"Refuge Menaggio : randonn\u00e9es et panoramas sur le lac de C\u00f4me","isPartOf":{"@id":"https:\/\/menaggio.visitlakecomo.info\/#website"},"datePublished":"2025-05-26T10:16:38+00:00","dateModified":"2025-06-23T14:46:47+00:00","description":"D\u00e9couvrez le refuge Menaggio sur le mont Grona : randonn\u00e9es et vues spectaculaires sur les lacs de C\u00f4me, Piano et Lugano.","breadcrumb":{"@id":"https:\/\/menaggio.visitlakecomo.info\/fr\/territoire\/refuge-menaggio#breadcrumb"},"inLanguage":"fr-FR","potentialAction":[{"@type":"ReadAction","target":["https:\/\/menaggio.visitlakecomo.info\/fr\/territoire\/refuge-menaggio"]}]},{"@type":"BreadcrumbList","@id":"https:\/\/menaggio.visitlakecomo.info\/fr\/territoire\/refuge-menaggio#breadcrumb","itemListElement":[{"@type":"ListItem","position":1,"name":"Home","item":"https:\/\/menaggio.visitlakecomo.info\/fr"},{"@type":"ListItem","position":2,"name":"Territoire","item":"https:\/\/menaggio.visitlakecomo.info\/fr\/territoire"},{"@type":"ListItem","position":3,"name":"Refuge Menaggio"}]},{"@type":"WebSite","@id":"https:\/\/menaggio.visitlakecomo.info\/#website","url":"https:\/\/menaggio.visitlakecomo.info\/","name":"Visit Menaggio","description":"","potentialAction":[{"@type":"SearchAction","target":{"@type":"EntryPoint","urlTemplate":"https:\/\/menaggio.visitlakecomo.info\/?s={search_term_string}"},"query-input":{"@type":"PropertyValueSpecification","valueRequired":true,"valueName":"search_term_string"}}],"inLanguage":"fr-FR"}]}},"_links":{"self":[{"href":"https:\/\/menaggio.visitlakecomo.info\/fr\/wp-json\/wp\/v2\/pages\/1480","targetHints":{"allow":["GET"]}}],"collection":[{"href":"https:\/\/menaggio.visitlakecomo.info\/fr\/wp-json\/wp\/v2\/pages"}],"about":[{"href":"https:\/\/menaggio.visitlakecomo.info\/fr\/wp-json\/wp\/v2\/types\/page"}],"author":[{"embeddable":true,"href":"https:\/\/menaggio.visitlakecomo.info\/fr\/wp-json\/wp\/v2\/users\/1"}],"replies":[{"embeddable":true,"href":"https:\/\/menaggio.visitlakecomo.info\/fr\/wp-json\/wp\/v2\/comments?post=1480"}],"version-history":[{"count":1,"href":"https:\/\/menaggio.visitlakecomo.info\/fr\/wp-json\/wp\/v2\/pages\/1480\/revisions"}],"predecessor-version":[{"id":1481,"href":"https:\/\/menaggio.visitlakecomo.info\/fr\/wp-json\/wp\/v2\/pages\/1480\/revisions\/1481"}],"up":[{"embeddable":true,"href":"https:\/\/menaggio.visitlakecomo.info\/fr\/wp-json\/wp\/v2\/pages\/1450"}],"wp:attachment":[{"href":"https:\/\/menaggio.visitlakecomo.info\/fr\/wp-json\/wp\/v2\/media?parent=1480"}],"curies":[{"name":"wp","href":"https:\/\/api.w.org\/{rel}","templated":true}]}}