{"id":60,"date":"2025-04-15T13:11:22","date_gmt":"2025-04-15T13:11:22","guid":{"rendered":"https:\/\/menaggio.visitlakecomo.info\/?page_id=60"},"modified":"2025-06-23T14:46:42","modified_gmt":"2025-06-23T14:46:42","slug":"homepage","status":"publish","type":"page","link":"https:\/\/menaggio.visitlakecomo.info\/fr","title":{"rendered":"Page d\u2019accueil"},"content":{"rendered":"<p>La promenade au bord du lac de <b>Menaggio<\/b> est l\u2019une des plus belles balades panoramiques du <b>lac de C\u00f4me<\/b>. Ce village \u00e9l\u00e9gant est comme un livre dont chaque chapitre offre une \u00e9motion diff\u00e9rente : <b>randonn\u00e9es<\/b> en pleine nature, vestiges d\u2019anciens ch\u00e2teaux, charme des <b>villas aristocratiques <\/b>et des <b>sites historiques, moments de d\u00e9tente<\/b> au bord du lac\u2026 autant d\u2019exp\u00e9riences \u00e0 vivre tout au long de l\u2019ann\u00e9e.<\/p>","protected":false},"excerpt":{"rendered":"<p>La promenade au bord du lac de Menaggio est l\u2019une des plus belles balades panoramiques du lac de C\u00f4me. Ce village \u00e9l\u00e9gant est comme un livre dont chaque chapitre offre une \u00e9motion diff\u00e9rente : randonn\u00e9es en pleine nature, vestiges d\u2019anciens ch\u00e2teaux, charme des villas aristocratiques et des sites historiques, moments de d\u00e9tente au bord du &hellip;<\/p>\n","protected":false},"author":1,"featured_media":0,"parent":0,"menu_order":0,"comment_status":"closed","ping_status":"closed","template":"page-templates\/homepage.php","meta":{"_acf_changed":false,"inline_featured_image":false,"footnotes":""},"class_list":["post-60","page","type-page","status-publish","hentry"],"acf":[],"yoast_head":"<!-- This site is optimized with the Yoast SEO plugin v25.2 - https:\/\/yoast.com\/wordpress\/plugins\/seo\/ -->\n<title>Visit Menaggio<\/title>\n<meta name=\"robots\" content=\"index, follow, max-snippet:-1, max-image-preview:large, max-video-preview:-1\" \/>\n<link rel=\"canonical\" href=\"https:\/\/menaggio.visitlakecomo.info\/fr\" \/>\n<meta property=\"og:locale\" content=\"fr_FR\" \/>\n<meta property=\"og:type\" content=\"article\" \/>\n<meta property=\"og:title\" content=\"Visit Menaggio\" \/>\n<meta property=\"og:description\" content=\"La promenade au bord du lac de Menaggio est l\u2019une des plus belles balades panoramiques du lac de C\u00f4me. Ce village \u00e9l\u00e9gant est comme un livre dont chaque chapitre offre une \u00e9motion diff\u00e9rente : randonn\u00e9es en pleine nature, vestiges d\u2019anciens ch\u00e2teaux, charme des villas aristocratiques et des sites historiques, moments de d\u00e9tente au bord du &hellip;\" \/>\n<meta property=\"og:url\" content=\"https:\/\/menaggio.visitlakecomo.info\/fr\" \/>\n<meta property=\"og:site_name\" content=\"Visit Menaggio\" \/>\n<meta property=\"article:modified_time\" content=\"2025-06-23T14:46:42+00:00\" \/>\n<meta name=\"twitter:card\" content=\"summary_large_image\" \/>\n<script type=\"application\/ld+json\" class=\"yoast-schema-graph\">{\"@context\":\"https:\/\/schema.org\",\"@graph\":[{\"@type\":\"WebPage\",\"@id\":\"https:\/\/menaggio.visitlakecomo.info\/fr\",\"url\":\"https:\/\/menaggio.visitlakecomo.info\/fr\",\"name\":\"Visit Menaggio\",\"isPartOf\":{\"@id\":\"https:\/\/menaggio.visitlakecomo.info\/#website\"},\"datePublished\":\"2025-04-15T13:11:22+00:00\",\"dateModified\":\"2025-06-23T14:46:42+00:00\",\"breadcrumb\":{\"@id\":\"https:\/\/menaggio.visitlakecomo.info\/fr#breadcrumb\"},\"inLanguage\":\"fr-FR\",\"potentialAction\":[{\"@type\":\"ReadAction\",\"target\":[\"https:\/\/menaggio.visitlakecomo.info\/fr\"]}]},{\"@type\":\"BreadcrumbList\",\"@id\":\"https:\/\/menaggio.visitlakecomo.info\/fr#breadcrumb\",\"itemListElement\":[{\"@type\":\"ListItem\",\"position\":1,\"name\":\"Home\",\"item\":\"https:\/\/menaggio.visitlakecomo.info\/fr\"},{\"@type\":\"ListItem\",\"position\":2,\"name\":\"Page d\u2019accueil\"}]},{\"@type\":\"WebSite\",\"@id\":\"https:\/\/menaggio.visitlakecomo.info\/#website\",\"url\":\"https:\/\/menaggio.visitlakecomo.info\/\",\"name\":\"Visit Menaggio\",\"description\":\"\",\"potentialAction\":[{\"@type\":\"SearchAction\",\"target\":{\"@type\":\"EntryPoint\",\"urlTemplate\":\"https:\/\/menaggio.visitlakecomo.info\/?s={search_term_string}\"},\"query-input\":{\"@type\":\"PropertyValueSpecification\",\"valueRequired\":true,\"valueName\":\"search_term_string\"}}],\"inLanguage\":\"fr-FR\"}]}<\/script>\n<!-- \/ Yoast SEO plugin. -->","yoast_head_json":{"title":"Visit Menaggio","robots":{"index":"index","follow":"follow","max-snippet":"max-snippet:-1","max-image-preview":"max-image-preview:large","max-video-preview":"max-video-preview:-1"},"canonical":"https:\/\/menaggio.visitlakecomo.info\/fr","og_locale":"fr_FR","og_type":"article","og_title":"Visit Menaggio","og_description":"La promenade au bord du lac de Menaggio est l\u2019une des plus belles balades panoramiques du lac de C\u00f4me. Ce village \u00e9l\u00e9gant est comme un livre dont chaque chapitre offre une \u00e9motion diff\u00e9rente : randonn\u00e9es en pleine nature, vestiges d\u2019anciens ch\u00e2teaux, charme des villas aristocratiques et des sites historiques, moments de d\u00e9tente au bord du &hellip;","og_url":"https:\/\/menaggio.visitlakecomo.info\/fr","og_site_name":"Visit Menaggio","article_modified_time":"2025-06-23T14:46:42+00:00","twitter_card":"summary_large_image","schema":{"@context":"https:\/\/schema.org","@graph":[{"@type":"WebPage","@id":"https:\/\/menaggio.visitlakecomo.info\/fr","url":"https:\/\/menaggio.visitlakecomo.info\/fr","name":"Visit Menaggio","isPartOf":{"@id":"https:\/\/menaggio.visitlakecomo.info\/#website"},"datePublished":"2025-04-15T13:11:22+00:00","dateModified":"2025-06-23T14:46:42+00:00","breadcrumb":{"@id":"https:\/\/menaggio.visitlakecomo.info\/fr#breadcrumb"},"inLanguage":"fr-FR","potentialAction":[{"@type":"ReadAction","target":["https:\/\/menaggio.visitlakecomo.info\/fr"]}]},{"@type":"BreadcrumbList","@id":"https:\/\/menaggio.visitlakecomo.info\/fr#breadcrumb","itemListElement":[{"@type":"ListItem","position":1,"name":"Home","item":"https:\/\/menaggio.visitlakecomo.info\/fr"},{"@type":"ListItem","position":2,"name":"Page d\u2019accueil"}]},{"@type":"WebSite","@id":"https:\/\/menaggio.visitlakecomo.info\/#website","url":"https:\/\/menaggio.visitlakecomo.info\/","name":"Visit Menaggio","description":"","potentialAction":[{"@type":"SearchAction","target":{"@type":"EntryPoint","urlTemplate":"https:\/\/menaggio.visitlakecomo.info\/?s={search_term_string}"},"query-input":{"@type":"PropertyValueSpecification","valueRequired":true,"valueName":"search_term_string"}}],"inLanguage":"fr-FR"}]}},"_links":{"self":[{"href":"https:\/\/menaggio.visitlakecomo.info\/fr\/wp-json\/wp\/v2\/pages\/60","targetHints":{"allow":["GET"]}}],"collection":[{"href":"https:\/\/menaggio.visitlakecomo.info\/fr\/wp-json\/wp\/v2\/pages"}],"about":[{"href":"https:\/\/menaggio.visitlakecomo.info\/fr\/wp-json\/wp\/v2\/types\/page"}],"author":[{"embeddable":true,"href":"https:\/\/menaggio.visitlakecomo.info\/fr\/wp-json\/wp\/v2\/users\/1"}],"replies":[{"embeddable":true,"href":"https:\/\/menaggio.visitlakecomo.info\/fr\/wp-json\/wp\/v2\/comments?post=60"}],"version-history":[{"count":3,"href":"https:\/\/menaggio.visitlakecomo.info\/fr\/wp-json\/wp\/v2\/pages\/60\/revisions"}],"predecessor-version":[{"id":1447,"href":"https:\/\/menaggio.visitlakecomo.info\/fr\/wp-json\/wp\/v2\/pages\/60\/revisions\/1447"}],"wp:attachment":[{"href":"https:\/\/menaggio.visitlakecomo.info\/fr\/wp-json\/wp\/v2\/media?parent=60"}],"curies":[{"name":"wp","href":"https:\/\/api.w.org\/{rel}","templated":true}]}}